{"id":9923,"date":"2022-04-22T10:17:51","date_gmt":"2022-04-22T14:17:51","guid":{"rendered":"https:\/\/agro-100.ca\/?page_id=9923"},"modified":"2022-04-22T10:18:56","modified_gmt":"2022-04-22T14:18:56","slug":"bioestimulantes-foliares","status":"publish","type":"page","link":"https:\/\/stg.agro-100.ca\/es\/bioestimulantes-foliares\/","title":{"rendered":"Bioestimulantes foliares"},"content":{"rendered":"\t\t<div data-elementor-type=\"wp-page\" data-elementor-id=\"9923\" class=\"elementor elementor-9923 elementor-8413\" data-elementor-post-type=\"page\">\n\t\t\t\t\t\t<section class=\"elementor-section elementor-top-section elementor-element elementor-element-31758f7 elementor-section-height-min-height row-head elementor-section-boxed elementor-section-height-default elementor-section-items-middle\" data-id=\"31758f7\" data-element_type=\"section\" data-e-type=\"section\" data-settings=\"{&quot;background_background&quot;:&quot;classic&quot;}\">\n\t\t\t\t\t\t<div class=\"elementor-container elementor-column-gap-default\">\n\t\t\t\t\t<div class=\"elementor-column elementor-col-100 elementor-top-column elementor-element elementor-element-1ff2f7d\" data-id=\"1ff2f7d\" data-element_type=\"column\" data-e-type=\"column\">\n\t\t\t<div class=\"elementor-widget-wrap elementor-element-populated\">\n\t\t\t\t\t\t<section class=\"elementor-section elementor-inner-section elementor-element elementor-element-78e2ca3 elementor-section-boxed elementor-section-height-default elementor-section-height-default elementor-invisible\" data-id=\"78e2ca3\" data-element_type=\"section\" data-e-type=\"section\" data-settings=\"{&quot;animation&quot;:&quot;fadeInUp&quot;}\">\n\t\t\t\t\t\t<div class=\"elementor-container elementor-column-gap-default\">\n\t\t\t\t\t<div class=\"elementor-column elementor-col-100 elementor-inner-column elementor-element elementor-element-6e73df8\" data-id=\"6e73df8\" data-element_type=\"column\" data-e-type=\"column\">\n\t\t\t<div class=\"elementor-widget-wrap elementor-element-populated\">\n\t\t\t\t\t\t<div class=\"elementor-element elementor-element-d32ad95 page-title elementor-widget elementor-widget-heading\" data-id=\"d32ad95\" data-element_type=\"widget\" data-e-type=\"widget\" data-widget_type=\"heading.default\">\n\t\t\t\t<div class=\"elementor-widget-container\">\n\t\t\t\t\t<div class=\"elementor-heading-title elementor-size-default\">Bioestimulantes foliares\n<\/div>\t\t\t\t<\/div>\n\t\t\t\t<\/div>\n\t\t\t\t\t<\/div>\n\t\t<\/div>\n\t\t\t\t\t<\/div>\n\t\t<\/section>\n\t\t\t\t\t<\/div>\n\t\t<\/div>\n\t\t\t\t\t<\/div>\n\t\t<\/section>\n\t\t\t\t<section class=\"elementor-section elementor-top-section elementor-element elementor-element-9c6072a elementor-section-boxed elementor-section-height-default elementor-section-height-default\" data-id=\"9c6072a\" data-element_type=\"section\" data-e-type=\"section\">\n\t\t\t\t\t\t<div class=\"elementor-container elementor-column-gap-default\">\n\t\t\t\t\t<div class=\"elementor-column elementor-col-100 elementor-top-column elementor-element elementor-element-4ad47e6\" data-id=\"4ad47e6\" data-element_type=\"column\" data-e-type=\"column\">\n\t\t\t<div class=\"elementor-widget-wrap elementor-element-populated\">\n\t\t\t\t\t\t<div class=\"elementor-element elementor-element-9eb768e elementor-widget elementor-widget-spacer\" data-id=\"9eb768e\" data-element_type=\"widget\" data-e-type=\"widget\" data-widget_type=\"spacer.default\">\n\t\t\t\t<div class=\"elementor-widget-container\">\n\t\t\t\t\t\t\t<div class=\"elementor-spacer\">\n\t\t\t<div class=\"elementor-spacer-inner\"><\/div>\n\t\t<\/div>\n\t\t\t\t\t\t<\/div>\n\t\t\t\t<\/div>\n\t\t\t\t<div class=\"elementor-element elementor-element-29056b8 elementor-widget elementor-widget-text-editor\" data-id=\"29056b8\" data-element_type=\"widget\" data-e-type=\"widget\" data-widget_type=\"text-editor.default\">\n\t\t\t\t<div class=\"elementor-widget-container\">\n\t\t\t\t\t\t\t\t\t<p><strong>Bioestimulantes foliares Agro-100.<\/strong><\/p><p>Los bioestimulantes foliares de Agro-100, una innovadora tecnolog\u00eda que refuerza las defensas naturales de la planta contra el estr\u00e9s abi\u00f3tico, activa las respuestas de crecimiento y fomenta todo el potencial de rendimiento.<\/p>\t\t\t\t\t\t\t\t<\/div>\n\t\t\t\t<\/div>\n\t\t\t\t\t<\/div>\n\t\t<\/div>\n\t\t\t\t\t<\/div>\n\t\t<\/section>\n\t\t\t\t<section class=\"elementor-section elementor-top-section elementor-element elementor-element-0250f18 elementor-section-boxed elementor-section-height-default elementor-section-height-default\" data-id=\"0250f18\" data-element_type=\"section\" data-e-type=\"section\">\n\t\t\t\t\t\t<div class=\"elementor-container elementor-column-gap-default\">\n\t\t\t\t\t<div class=\"elementor-column elementor-col-100 elementor-top-column elementor-element elementor-element-55b5c48\" data-id=\"55b5c48\" data-element_type=\"column\" data-e-type=\"column\">\n\t\t\t<div class=\"elementor-widget-wrap elementor-element-populated\">\n\t\t\t\t\t\t\t<\/div>\n\t\t<\/div>\n\t\t\t\t\t<\/div>\n\t\t<\/section>\n\t\t\t\t<section class=\"elementor-section elementor-top-section elementor-element elementor-element-85b9d55 elementor-section-boxed elementor-section-height-default elementor-section-height-default\" data-id=\"85b9d55\" data-element_type=\"section\" data-e-type=\"section\">\n\t\t\t\t\t\t<div class=\"elementor-container elementor-column-gap-default\">\n\t\t\t\t\t<div class=\"elementor-column elementor-col-100 elementor-top-column elementor-element elementor-element-f0ed01f\" data-id=\"f0ed01f\" data-element_type=\"column\" data-e-type=\"column\">\n\t\t\t<div class=\"elementor-widget-wrap elementor-element-populated\">\n\t\t\t\t\t\t<div class=\"elementor-element elementor-element-92ac23a elementor-widget elementor-widget-spacer\" data-id=\"92ac23a\" data-element_type=\"widget\" data-e-type=\"widget\" data-widget_type=\"spacer.default\">\n\t\t\t\t<div class=\"elementor-widget-container\">\n\t\t\t\t\t\t\t<div class=\"elementor-spacer\">\n\t\t\t<div class=\"elementor-spacer-inner\"><\/div>\n\t\t<\/div>\n\t\t\t\t\t\t<\/div>\n\t\t\t\t<\/div>\n\t\t\t\t\t<\/div>\n\t\t<\/div>\n\t\t\t\t\t<\/div>\n\t\t<\/section>\n\t\t\t\t<\/div>\n\t\t","protected":false},"excerpt":{"rendered":"<p>Bioestimulantes foliares Bioestimulantes foliares Agro-100. Los bioestimulantes foliares de Agro-100, una innovadora tecnolog\u00eda que refuerza las defensas naturales de la planta contra el estr\u00e9s abi\u00f3tico, activa las respuestas de crecimiento y fomenta todo el potencial de rendimiento.<\/p>\n","protected":false},"author":2,"featured_media":0,"parent":0,"menu_order":0,"comment_status":"closed","ping_status":"closed","template":"elementor_header_footer","meta":{"_acf_changed":false,"footnotes":"","_wp_rev_ctl_limit":""},"class_list":["post-9923","page","type-page","status-publish","hentry"],"acf":[],"yoast_head":"<!-- This site is optimized with the Yoast SEO plugin v27.5 - https:\/\/yoast.com\/product\/yoast-seo-wordpress\/ -->\n<title>Bioestimulantes foliares &#8211; Agro-100<\/title>\n<meta name=\"robots\" content=\"noindex, follow, max-snippet:-1, max-image-preview:large, max-video-preview:-1\" \/>\n<meta property=\"og:locale\" content=\"es_ES\" \/>\n<meta property=\"og:type\" content=\"article\" \/>\n<meta property=\"og:title\" content=\"Bioestimulantes foliares &#8211; Agro-100\" \/>\n<meta property=\"og:description\" content=\"Bioestimulantes foliares Bioestimulantes foliares Agro-100. Los bioestimulantes foliares de Agro-100, una innovadora tecnolog\u00eda que refuerza las defensas naturales de la planta contra el estr\u00e9s abi\u00f3tico, activa las respuestas de crecimiento y fomenta todo el potencial de rendimiento.\" \/>\n<meta property=\"og:url\" content=\"https:\/\/stg.agro-100.ca\/biostimulant\/\" \/>\n<meta property=\"og:site_name\" content=\"Agro-100\" \/>\n<meta property=\"article:modified_time\" content=\"2022-04-22T14:18:56+00:00\" \/>\n<meta name=\"twitter:card\" content=\"summary_large_image\" \/>\n<meta name=\"twitter:label1\" content=\"Tiempo de lectura\" \/>\n\t<meta name=\"twitter:data1\" content=\"2 minutos\" \/>\n<script type=\"application\/ld+json\" class=\"yoast-schema-graph\">{\"@context\":\"https:\\\/\\\/schema.org\",\"@graph\":[{\"@type\":\"WebPage\",\"@id\":\"https:\\\/\\\/stg.agro-100.ca\\\/biostimulant\\\/\",\"url\":\"https:\\\/\\\/stg.agro-100.ca\\\/biostimulant\\\/\",\"name\":\"Bioestimulantes foliares &#8211; Agro-100\",\"isPartOf\":{\"@id\":\"https:\\\/\\\/stg.agro-100.ca\\\/#website\"},\"datePublished\":\"2022-04-22T14:17:51+00:00\",\"dateModified\":\"2022-04-22T14:18:56+00:00\",\"breadcrumb\":{\"@id\":\"https:\\\/\\\/stg.agro-100.ca\\\/biostimulant\\\/#breadcrumb\"},\"inLanguage\":\"es\",\"potentialAction\":[{\"@type\":\"ReadAction\",\"target\":[\"https:\\\/\\\/stg.agro-100.ca\\\/biostimulant\\\/\"]}]},{\"@type\":\"BreadcrumbList\",\"@id\":\"https:\\\/\\\/stg.agro-100.ca\\\/biostimulant\\\/#breadcrumb\",\"itemListElement\":[{\"@type\":\"ListItem\",\"position\":1,\"name\":\"Accueil\",\"item\":\"https:\\\/\\\/stg.agro-100.ca\\\/es\\\/\"},{\"@type\":\"ListItem\",\"position\":2,\"name\":\"Bioestimulantes foliares\"}]},{\"@type\":\"WebSite\",\"@id\":\"https:\\\/\\\/stg.agro-100.ca\\\/#website\",\"url\":\"https:\\\/\\\/stg.agro-100.ca\\\/\",\"name\":\"Agro-100\",\"description\":\"Fertilizantes y bioestimulantes agr\u00edcolas\",\"publisher\":{\"@id\":\"https:\\\/\\\/stg.agro-100.ca\\\/#organization\"},\"potentialAction\":[{\"@type\":\"SearchAction\",\"target\":{\"@type\":\"EntryPoint\",\"urlTemplate\":\"https:\\\/\\\/stg.agro-100.ca\\\/?s={search_term_string}\"},\"query-input\":{\"@type\":\"PropertyValueSpecification\",\"valueRequired\":true,\"valueName\":\"search_term_string\"}}],\"inLanguage\":\"es\"},{\"@type\":\"Organization\",\"@id\":\"https:\\\/\\\/stg.agro-100.ca\\\/#organization\",\"name\":\"Agro-100\",\"url\":\"https:\\\/\\\/stg.agro-100.ca\\\/\",\"logo\":{\"@type\":\"ImageObject\",\"inLanguage\":\"es\",\"@id\":\"https:\\\/\\\/stg.agro-100.ca\\\/#\\\/schema\\\/logo\\\/image\\\/\",\"url\":\"https:\\\/\\\/stg.agro-100.ca\\\/wp-content\\\/uploads\\\/2024\\\/05\\\/logo-white.webp\",\"contentUrl\":\"https:\\\/\\\/stg.agro-100.ca\\\/wp-content\\\/uploads\\\/2024\\\/05\\\/logo-white.webp\",\"width\":183,\"height\":103,\"caption\":\"Agro-100\"},\"image\":{\"@id\":\"https:\\\/\\\/stg.agro-100.ca\\\/#\\\/schema\\\/logo\\\/image\\\/\"}}]}<\/script>\n<!-- \/ Yoast SEO plugin. -->","yoast_head_json":{"title":"Bioestimulantes foliares &#8211; Agro-100","robots":{"index":"noindex","follow":"follow","max-snippet":"max-snippet:-1","max-image-preview":"max-image-preview:large","max-video-preview":"max-video-preview:-1"},"og_locale":"es_ES","og_type":"article","og_title":"Bioestimulantes foliares &#8211; Agro-100","og_description":"Bioestimulantes foliares Bioestimulantes foliares Agro-100. Los bioestimulantes foliares de Agro-100, una innovadora tecnolog\u00eda que refuerza las defensas naturales de la planta contra el estr\u00e9s abi\u00f3tico, activa las respuestas de crecimiento y fomenta todo el potencial de rendimiento.","og_url":"https:\/\/stg.agro-100.ca\/biostimulant\/","og_site_name":"Agro-100","article_modified_time":"2022-04-22T14:18:56+00:00","twitter_card":"summary_large_image","twitter_misc":{"Tiempo de lectura":"2 minutos"},"schema":{"@context":"https:\/\/schema.org","@graph":[{"@type":"WebPage","@id":"https:\/\/stg.agro-100.ca\/biostimulant\/","url":"https:\/\/stg.agro-100.ca\/biostimulant\/","name":"Bioestimulantes foliares &#8211; Agro-100","isPartOf":{"@id":"https:\/\/stg.agro-100.ca\/#website"},"datePublished":"2022-04-22T14:17:51+00:00","dateModified":"2022-04-22T14:18:56+00:00","breadcrumb":{"@id":"https:\/\/stg.agro-100.ca\/biostimulant\/#breadcrumb"},"inLanguage":"es","potentialAction":[{"@type":"ReadAction","target":["https:\/\/stg.agro-100.ca\/biostimulant\/"]}]},{"@type":"BreadcrumbList","@id":"https:\/\/stg.agro-100.ca\/biostimulant\/#breadcrumb","itemListElement":[{"@type":"ListItem","position":1,"name":"Accueil","item":"https:\/\/stg.agro-100.ca\/es\/"},{"@type":"ListItem","position":2,"name":"Bioestimulantes foliares"}]},{"@type":"WebSite","@id":"https:\/\/stg.agro-100.ca\/#website","url":"https:\/\/stg.agro-100.ca\/","name":"Agro-100","description":"Fertilizantes y bioestimulantes agr\u00edcolas","publisher":{"@id":"https:\/\/stg.agro-100.ca\/#organization"},"potentialAction":[{"@type":"SearchAction","target":{"@type":"EntryPoint","urlTemplate":"https:\/\/stg.agro-100.ca\/?s={search_term_string}"},"query-input":{"@type":"PropertyValueSpecification","valueRequired":true,"valueName":"search_term_string"}}],"inLanguage":"es"},{"@type":"Organization","@id":"https:\/\/stg.agro-100.ca\/#organization","name":"Agro-100","url":"https:\/\/stg.agro-100.ca\/","logo":{"@type":"ImageObject","inLanguage":"es","@id":"https:\/\/stg.agro-100.ca\/#\/schema\/logo\/image\/","url":"https:\/\/stg.agro-100.ca\/wp-content\/uploads\/2024\/05\/logo-white.webp","contentUrl":"https:\/\/stg.agro-100.ca\/wp-content\/uploads\/2024\/05\/logo-white.webp","width":183,"height":103,"caption":"Agro-100"},"image":{"@id":"https:\/\/stg.agro-100.ca\/#\/schema\/logo\/image\/"}}]}},"_links":{"self":[{"href":"https:\/\/stg.agro-100.ca\/es\/wp-json\/wp\/v2\/pages\/9923","targetHints":{"allow":["GET"]}}],"collection":[{"href":"https:\/\/stg.agro-100.ca\/es\/wp-json\/wp\/v2\/pages"}],"about":[{"href":"https:\/\/stg.agro-100.ca\/es\/wp-json\/wp\/v2\/types\/page"}],"author":[{"embeddable":true,"href":"https:\/\/stg.agro-100.ca\/es\/wp-json\/wp\/v2\/users\/2"}],"replies":[{"embeddable":true,"href":"https:\/\/stg.agro-100.ca\/es\/wp-json\/wp\/v2\/comments?post=9923"}],"version-history":[{"count":0,"href":"https:\/\/stg.agro-100.ca\/es\/wp-json\/wp\/v2\/pages\/9923\/revisions"}],"wp:attachment":[{"href":"https:\/\/stg.agro-100.ca\/es\/wp-json\/wp\/v2\/media?parent=9923"}],"curies":[{"name":"wp","href":"https:\/\/api.w.org\/{rel}","templated":true}]}}