{"id":9162,"date":"2022-03-29T10:55:08","date_gmt":"2022-03-29T14:55:08","guid":{"rendered":"https:\/\/agro-100.ca\/?page_id=9162"},"modified":"2022-03-29T11:04:48","modified_gmt":"2022-03-29T15:04:48","slug":"tabla-de-compatilidad","status":"publish","type":"page","link":"https:\/\/stg.agro-100.ca\/es\/tabla-de-compatilidad\/","title":{"rendered":"Tabla de compatibilidad"},"content":{"rendered":"\t\t<div data-elementor-type=\"wp-page\" data-elementor-id=\"9162\" class=\"elementor elementor-9162\" data-elementor-post-type=\"page\">\n\t\t\t\t\t\t<section class=\"elementor-section elementor-top-section elementor-element elementor-element-cfe396a elementor-section-boxed elementor-section-height-default elementor-section-height-default\" data-id=\"cfe396a\" data-element_type=\"section\" data-e-type=\"section\">\n\t\t\t\t\t\t<div class=\"elementor-container elementor-column-gap-default\">\n\t\t\t\t\t<div class=\"elementor-column elementor-col-100 elementor-top-column elementor-element elementor-element-a7eff15\" data-id=\"a7eff15\" data-element_type=\"column\" data-e-type=\"column\">\n\t\t\t<div class=\"elementor-widget-wrap elementor-element-populated\">\n\t\t\t\t\t\t<div class=\"elementor-element elementor-element-72cff2c elementor-widget elementor-widget-spacer\" data-id=\"72cff2c\" data-element_type=\"widget\" data-e-type=\"widget\" data-widget_type=\"spacer.default\">\n\t\t\t\t<div class=\"elementor-widget-container\">\n\t\t\t\t\t\t\t<div class=\"elementor-spacer\">\n\t\t\t<div class=\"elementor-spacer-inner\"><\/div>\n\t\t<\/div>\n\t\t\t\t\t\t<\/div>\n\t\t\t\t<\/div>\n\t\t\t\t\t<\/div>\n\t\t<\/div>\n\t\t\t\t\t<\/div>\n\t\t<\/section>\n\t\t\t\t<section class=\"elementor-section elementor-top-section elementor-element elementor-element-eed6e0a elementor-section-boxed elementor-section-height-default elementor-section-height-default\" data-id=\"eed6e0a\" data-element_type=\"section\" data-e-type=\"section\">\n\t\t\t\t\t\t<div class=\"elementor-container elementor-column-gap-default\">\n\t\t\t\t\t<div class=\"elementor-column elementor-col-100 elementor-top-column elementor-element elementor-element-577d472\" data-id=\"577d472\" data-element_type=\"column\" data-e-type=\"column\">\n\t\t\t<div class=\"elementor-widget-wrap elementor-element-populated\">\n\t\t\t\t\t\t<div class=\"elementor-element elementor-element-dabb610 elementor-widget elementor-widget-image\" data-id=\"dabb610\" data-element_type=\"widget\" data-e-type=\"widget\" data-widget_type=\"image.default\">\n\t\t\t\t<div class=\"elementor-widget-container\">\n\t\t\t\t\t\t\t\t\t\t\t\t\t\t\t<img fetchpriority=\"high\" decoding=\"async\" width=\"860\" height=\"770\" src=\"https:\/\/stg.agro-100.ca\/wp-content\/uploads\/2022\/03\/Grille_2022_Esp.svg\" class=\"attachment-large size-large wp-image-9163\" alt=\"\" \/>\t\t\t\t\t\t\t\t\t\t\t\t\t\t\t<\/div>\n\t\t\t\t<\/div>\n\t\t\t\t<div class=\"elementor-element elementor-element-af6919b elementor-widget elementor-widget-text-editor\" data-id=\"af6919b\" data-element_type=\"widget\" data-e-type=\"widget\" data-widget_type=\"text-editor.default\">\n\t\t\t\t<div class=\"elementor-widget-container\">\n\t\t\t\t\t\t\t\t\t<p><strong>Haga pruebas siempre con peque\u00f1as cantidades para verificar la compatibilidad\u00a0<\/strong><\/p><p><strong>Verifique la compatibilidad de la siguiente manera. <\/strong>En un recipiente transparente peque\u00f1o y limpio, ponga el agua y los productos a combinar, uno a uno, agitando suavemente, en la misma proporci\u00f3n que para la aplicaci\u00f3n. Deje que la disoluci\u00f3n se repose 30 minutos. Los productos incompatibles producir\u00e1n una disoluci\u00f3n lechosa, con copos o un precipitado. Tambi\u00e9n se pueden separar del l\u00edquido en el recipiente.\u00a0<\/p><p><strong>Nota <\/strong>&gt; una prueba de compatibilidad s\u00f3lo mostrar\u00e1 la incompatibilidad f\u00edsica entre los productos de una mezcla en una cisterna; no mostrar\u00e1 ninguna otra forma de antagonismo, como los productos que se inactivan entre s\u00ed o el potencial de fitotoxicidad. La \u00fanica forma de saberlo con seguridad es aplicar la mezcla a unas pocas plantas de prueba y vigilarlas durante la temporada.\u00a0<\/p>\t\t\t\t\t\t\t\t<\/div>\n\t\t\t\t<\/div>\n\t\t\t\t<div class=\"elementor-element elementor-element-71c361d elementor-icon-list--layout-traditional elementor-list-item-link-full_width elementor-widget elementor-widget-icon-list\" data-id=\"71c361d\" data-element_type=\"widget\" data-e-type=\"widget\" data-widget_type=\"icon-list.default\">\n\t\t\t\t<div class=\"elementor-widget-container\">\n\t\t\t\t\t\t\t<ul class=\"elementor-icon-list-items\">\n\t\t\t\t\t\t\t<li class=\"elementor-icon-list-item\">\n\t\t\t\t\t\t\t\t\t\t\t<a href=\"https:\/\/stg.agro-100.ca\/wp-content\/uploads\/2022\/03\/agro_tabladecompatibilidad2022_ESP.pdf\" target=\"_blank\">\n\n\t\t\t\t\t\t\t\t\t\t\t\t<span class=\"elementor-icon-list-icon\">\n\t\t\t\t\t\t\t<i aria-hidden=\"true\" class=\"far fa-download\"><\/i>\t\t\t\t\t\t<\/span>\n\t\t\t\t\t\t\t\t\t\t<span class=\"elementor-icon-list-text\">Tabla de compatibilidad<\/span>\n\t\t\t\t\t\t\t\t\t\t\t<\/a>\n\t\t\t\t\t\t\t\t\t<\/li>\n\t\t\t\t\t\t<\/ul>\n\t\t\t\t\t\t<\/div>\n\t\t\t\t<\/div>\n\t\t\t\t<div class=\"elementor-element elementor-element-33102c5 elementor-widget elementor-widget-spacer\" data-id=\"33102c5\" data-element_type=\"widget\" data-e-type=\"widget\" data-widget_type=\"spacer.default\">\n\t\t\t\t<div class=\"elementor-widget-container\">\n\t\t\t\t\t\t\t<div class=\"elementor-spacer\">\n\t\t\t<div class=\"elementor-spacer-inner\"><\/div>\n\t\t<\/div>\n\t\t\t\t\t\t<\/div>\n\t\t\t\t<\/div>\n\t\t\t\t\t<\/div>\n\t\t<\/div>\n\t\t\t\t\t<\/div>\n\t\t<\/section>\n\t\t\t\t<\/div>\n\t\t","protected":false},"excerpt":{"rendered":"<p>Haga pruebas siempre con peque\u00f1as cantidades para verificar la compatibilidad\u00a0 Verifique la compatibilidad de la siguiente manera. En un recipiente transparente peque\u00f1o y limpio, ponga el agua y los productos a combinar, uno a uno, agitando suavemente, en la misma proporci\u00f3n que para la aplicaci\u00f3n. Deje que la disoluci\u00f3n se repose 30 minutos. Los productos [&hellip;]<\/p>\n","protected":false},"author":2,"featured_media":0,"parent":0,"menu_order":0,"comment_status":"closed","ping_status":"closed","template":"elementor_header_footer","meta":{"_acf_changed":false,"footnotes":"","_wp_rev_ctl_limit":""},"class_list":["post-9162","page","type-page","status-publish","hentry"],"acf":[],"yoast_head":"<!-- This site is optimized with the Yoast SEO plugin v27.5 - https:\/\/yoast.com\/product\/yoast-seo-wordpress\/ -->\n<title>Tabla de compatibilidad &#8211; Agro-100<\/title>\n<meta name=\"robots\" content=\"noindex, follow, max-snippet:-1, max-image-preview:large, max-video-preview:-1\" \/>\n<meta property=\"og:locale\" content=\"es_ES\" \/>\n<meta property=\"og:type\" content=\"article\" \/>\n<meta property=\"og:title\" content=\"Tabla de compatibilidad &#8211; Agro-100\" \/>\n<meta property=\"og:description\" content=\"Haga pruebas siempre con peque\u00f1as cantidades para verificar la compatibilidad\u00a0 Verifique la compatibilidad de la siguiente manera. En un recipiente transparente peque\u00f1o y limpio, ponga el agua y los productos a combinar, uno a uno, agitando suavemente, en la misma proporci\u00f3n que para la aplicaci\u00f3n. Deje que la disoluci\u00f3n se repose 30 minutos. Los productos [&hellip;]\" \/>\n<meta property=\"og:url\" content=\"https:\/\/stg.agro-100.ca\/grille-de-compatibilite\/\" \/>\n<meta property=\"og:site_name\" content=\"Agro-100\" \/>\n<meta property=\"article:modified_time\" content=\"2022-03-29T15:04:48+00:00\" \/>\n<meta property=\"og:image\" content=\"https:\/\/stg.agro-100.ca\/wp-content\/uploads\/2022\/03\/Grille_2022_Esp.svg\" \/>\n<meta name=\"twitter:card\" content=\"summary_large_image\" \/>\n<meta name=\"twitter:label1\" content=\"Tiempo de lectura\" \/>\n\t<meta name=\"twitter:data1\" content=\"1 minuto\" \/>\n<script type=\"application\/ld+json\" class=\"yoast-schema-graph\">{\"@context\":\"https:\\\/\\\/schema.org\",\"@graph\":[{\"@type\":\"WebPage\",\"@id\":\"https:\\\/\\\/stg.agro-100.ca\\\/grille-de-compatibilite\\\/\",\"url\":\"https:\\\/\\\/stg.agro-100.ca\\\/grille-de-compatibilite\\\/\",\"name\":\"Tabla de compatibilidad &#8211; Agro-100\",\"isPartOf\":{\"@id\":\"https:\\\/\\\/stg.agro-100.ca\\\/#website\"},\"primaryImageOfPage\":{\"@id\":\"https:\\\/\\\/stg.agro-100.ca\\\/grille-de-compatibilite\\\/#primaryimage\"},\"image\":{\"@id\":\"https:\\\/\\\/stg.agro-100.ca\\\/grille-de-compatibilite\\\/#primaryimage\"},\"thumbnailUrl\":\"https:\\\/\\\/stg.agro-100.ca\\\/wp-content\\\/uploads\\\/2022\\\/03\\\/Grille_2022_Esp.svg\",\"datePublished\":\"2022-03-29T14:55:08+00:00\",\"dateModified\":\"2022-03-29T15:04:48+00:00\",\"breadcrumb\":{\"@id\":\"https:\\\/\\\/stg.agro-100.ca\\\/grille-de-compatibilite\\\/#breadcrumb\"},\"inLanguage\":\"es\",\"potentialAction\":[{\"@type\":\"ReadAction\",\"target\":[\"https:\\\/\\\/stg.agro-100.ca\\\/grille-de-compatibilite\\\/\"]}]},{\"@type\":\"ImageObject\",\"inLanguage\":\"es\",\"@id\":\"https:\\\/\\\/stg.agro-100.ca\\\/grille-de-compatibilite\\\/#primaryimage\",\"url\":\"https:\\\/\\\/stg.agro-100.ca\\\/wp-content\\\/uploads\\\/2022\\\/03\\\/Grille_2022_Esp.svg\",\"contentUrl\":\"https:\\\/\\\/stg.agro-100.ca\\\/wp-content\\\/uploads\\\/2022\\\/03\\\/Grille_2022_Esp.svg\"},{\"@type\":\"BreadcrumbList\",\"@id\":\"https:\\\/\\\/stg.agro-100.ca\\\/grille-de-compatibilite\\\/#breadcrumb\",\"itemListElement\":[{\"@type\":\"ListItem\",\"position\":1,\"name\":\"Accueil\",\"item\":\"https:\\\/\\\/stg.agro-100.ca\\\/es\\\/\"},{\"@type\":\"ListItem\",\"position\":2,\"name\":\"Tabla de compatibilidad\"}]},{\"@type\":\"WebSite\",\"@id\":\"https:\\\/\\\/stg.agro-100.ca\\\/#website\",\"url\":\"https:\\\/\\\/stg.agro-100.ca\\\/\",\"name\":\"Agro-100\",\"description\":\"Fertilizantes y bioestimulantes agr\u00edcolas\",\"publisher\":{\"@id\":\"https:\\\/\\\/stg.agro-100.ca\\\/#organization\"},\"potentialAction\":[{\"@type\":\"SearchAction\",\"target\":{\"@type\":\"EntryPoint\",\"urlTemplate\":\"https:\\\/\\\/stg.agro-100.ca\\\/?s={search_term_string}\"},\"query-input\":{\"@type\":\"PropertyValueSpecification\",\"valueRequired\":true,\"valueName\":\"search_term_string\"}}],\"inLanguage\":\"es\"},{\"@type\":\"Organization\",\"@id\":\"https:\\\/\\\/stg.agro-100.ca\\\/#organization\",\"name\":\"Agro-100\",\"url\":\"https:\\\/\\\/stg.agro-100.ca\\\/\",\"logo\":{\"@type\":\"ImageObject\",\"inLanguage\":\"es\",\"@id\":\"https:\\\/\\\/stg.agro-100.ca\\\/#\\\/schema\\\/logo\\\/image\\\/\",\"url\":\"https:\\\/\\\/stg.agro-100.ca\\\/wp-content\\\/uploads\\\/2024\\\/05\\\/logo-white.webp\",\"contentUrl\":\"https:\\\/\\\/stg.agro-100.ca\\\/wp-content\\\/uploads\\\/2024\\\/05\\\/logo-white.webp\",\"width\":183,\"height\":103,\"caption\":\"Agro-100\"},\"image\":{\"@id\":\"https:\\\/\\\/stg.agro-100.ca\\\/#\\\/schema\\\/logo\\\/image\\\/\"}}]}<\/script>\n<!-- \/ Yoast SEO plugin. -->","yoast_head_json":{"title":"Tabla de compatibilidad &#8211; Agro-100","robots":{"index":"noindex","follow":"follow","max-snippet":"max-snippet:-1","max-image-preview":"max-image-preview:large","max-video-preview":"max-video-preview:-1"},"og_locale":"es_ES","og_type":"article","og_title":"Tabla de compatibilidad &#8211; Agro-100","og_description":"Haga pruebas siempre con peque\u00f1as cantidades para verificar la compatibilidad\u00a0 Verifique la compatibilidad de la siguiente manera. En un recipiente transparente peque\u00f1o y limpio, ponga el agua y los productos a combinar, uno a uno, agitando suavemente, en la misma proporci\u00f3n que para la aplicaci\u00f3n. Deje que la disoluci\u00f3n se repose 30 minutos. Los productos [&hellip;]","og_url":"https:\/\/stg.agro-100.ca\/grille-de-compatibilite\/","og_site_name":"Agro-100","article_modified_time":"2022-03-29T15:04:48+00:00","og_image":[{"url":"https:\/\/stg.agro-100.ca\/wp-content\/uploads\/2022\/03\/Grille_2022_Esp.svg","type":"","width":"","height":""}],"twitter_card":"summary_large_image","twitter_misc":{"Tiempo de lectura":"1 minuto"},"schema":{"@context":"https:\/\/schema.org","@graph":[{"@type":"WebPage","@id":"https:\/\/stg.agro-100.ca\/grille-de-compatibilite\/","url":"https:\/\/stg.agro-100.ca\/grille-de-compatibilite\/","name":"Tabla de compatibilidad &#8211; Agro-100","isPartOf":{"@id":"https:\/\/stg.agro-100.ca\/#website"},"primaryImageOfPage":{"@id":"https:\/\/stg.agro-100.ca\/grille-de-compatibilite\/#primaryimage"},"image":{"@id":"https:\/\/stg.agro-100.ca\/grille-de-compatibilite\/#primaryimage"},"thumbnailUrl":"https:\/\/stg.agro-100.ca\/wp-content\/uploads\/2022\/03\/Grille_2022_Esp.svg","datePublished":"2022-03-29T14:55:08+00:00","dateModified":"2022-03-29T15:04:48+00:00","breadcrumb":{"@id":"https:\/\/stg.agro-100.ca\/grille-de-compatibilite\/#breadcrumb"},"inLanguage":"es","potentialAction":[{"@type":"ReadAction","target":["https:\/\/stg.agro-100.ca\/grille-de-compatibilite\/"]}]},{"@type":"ImageObject","inLanguage":"es","@id":"https:\/\/stg.agro-100.ca\/grille-de-compatibilite\/#primaryimage","url":"https:\/\/stg.agro-100.ca\/wp-content\/uploads\/2022\/03\/Grille_2022_Esp.svg","contentUrl":"https:\/\/stg.agro-100.ca\/wp-content\/uploads\/2022\/03\/Grille_2022_Esp.svg"},{"@type":"BreadcrumbList","@id":"https:\/\/stg.agro-100.ca\/grille-de-compatibilite\/#breadcrumb","itemListElement":[{"@type":"ListItem","position":1,"name":"Accueil","item":"https:\/\/stg.agro-100.ca\/es\/"},{"@type":"ListItem","position":2,"name":"Tabla de compatibilidad"}]},{"@type":"WebSite","@id":"https:\/\/stg.agro-100.ca\/#website","url":"https:\/\/stg.agro-100.ca\/","name":"Agro-100","description":"Fertilizantes y bioestimulantes agr\u00edcolas","publisher":{"@id":"https:\/\/stg.agro-100.ca\/#organization"},"potentialAction":[{"@type":"SearchAction","target":{"@type":"EntryPoint","urlTemplate":"https:\/\/stg.agro-100.ca\/?s={search_term_string}"},"query-input":{"@type":"PropertyValueSpecification","valueRequired":true,"valueName":"search_term_string"}}],"inLanguage":"es"},{"@type":"Organization","@id":"https:\/\/stg.agro-100.ca\/#organization","name":"Agro-100","url":"https:\/\/stg.agro-100.ca\/","logo":{"@type":"ImageObject","inLanguage":"es","@id":"https:\/\/stg.agro-100.ca\/#\/schema\/logo\/image\/","url":"https:\/\/stg.agro-100.ca\/wp-content\/uploads\/2024\/05\/logo-white.webp","contentUrl":"https:\/\/stg.agro-100.ca\/wp-content\/uploads\/2024\/05\/logo-white.webp","width":183,"height":103,"caption":"Agro-100"},"image":{"@id":"https:\/\/stg.agro-100.ca\/#\/schema\/logo\/image\/"}}]}},"_links":{"self":[{"href":"https:\/\/stg.agro-100.ca\/es\/wp-json\/wp\/v2\/pages\/9162","targetHints":{"allow":["GET"]}}],"collection":[{"href":"https:\/\/stg.agro-100.ca\/es\/wp-json\/wp\/v2\/pages"}],"about":[{"href":"https:\/\/stg.agro-100.ca\/es\/wp-json\/wp\/v2\/types\/page"}],"author":[{"embeddable":true,"href":"https:\/\/stg.agro-100.ca\/es\/wp-json\/wp\/v2\/users\/2"}],"replies":[{"embeddable":true,"href":"https:\/\/stg.agro-100.ca\/es\/wp-json\/wp\/v2\/comments?post=9162"}],"version-history":[{"count":0,"href":"https:\/\/stg.agro-100.ca\/es\/wp-json\/wp\/v2\/pages\/9162\/revisions"}],"wp:attachment":[{"href":"https:\/\/stg.agro-100.ca\/es\/wp-json\/wp\/v2\/media?parent=9162"}],"curies":[{"name":"wp","href":"https:\/\/api.w.org\/{rel}","templated":true}]}}