{"id":23920,"date":"2024-07-30T14:32:54","date_gmt":"2024-07-30T18:32:54","guid":{"rendered":"https:\/\/agro-100.ca\/staging\/bulletins-agronomiques-techniques\/"},"modified":"2024-11-18T12:24:16","modified_gmt":"2024-11-18T17:24:16","slug":"boletines-agronomicos","status":"publish","type":"page","link":"https:\/\/stg.agro-100.ca\/es\/boletines-agronomicos\/","title":{"rendered":"Boletines agron\u00f3micos t\u00e9cnicos"},"content":{"rendered":"\t\t<div data-elementor-type=\"wp-page\" data-elementor-id=\"23920\" class=\"elementor elementor-23920 elementor-21474\" data-elementor-post-type=\"page\">\n\t\t\t\t\t\t<section class=\"elementor-section elementor-top-section elementor-element elementor-element-d97b6e1 elementor-section-boxed elementor-section-height-default elementor-section-height-default\" data-id=\"d97b6e1\" data-element_type=\"section\" data-e-type=\"section\">\n\t\t\t\t\t\t<div class=\"elementor-container elementor-column-gap-default\">\n\t\t\t\t\t<div class=\"elementor-column elementor-col-100 elementor-top-column elementor-element elementor-element-a615100\" data-id=\"a615100\" data-element_type=\"column\" data-e-type=\"column\">\n\t\t\t<div class=\"elementor-widget-wrap\">\n\t\t\t\t\t\t\t<\/div>\n\t\t<\/div>\n\t\t\t\t\t<\/div>\n\t\t<\/section>\n\t\t\t\t<section class=\"elementor-section elementor-top-section elementor-element elementor-element-27e37e6f elementor-section-boxed elementor-section-height-default elementor-section-height-default\" data-id=\"27e37e6f\" data-element_type=\"section\" data-e-type=\"section\" data-settings=\"{&quot;background_background&quot;:&quot;classic&quot;}\">\n\t\t\t\t\t\t\t<div class=\"elementor-background-overlay\"><\/div>\n\t\t\t\t\t\t\t<div class=\"elementor-container elementor-column-gap-default\">\n\t\t\t\t\t<div class=\"elementor-column elementor-col-100 elementor-top-column elementor-element elementor-element-49fc9cea\" data-id=\"49fc9cea\" data-element_type=\"column\" data-e-type=\"column\">\n\t\t\t<div class=\"elementor-widget-wrap elementor-element-populated\">\n\t\t\t\t\t\t\t<\/div>\n\t\t<\/div>\n\t\t\t\t\t<\/div>\n\t\t<\/section>\n\t\t\t\t<section class=\"elementor-section elementor-top-section elementor-element elementor-element-b0b68b5 elementor-section-boxed elementor-section-height-default elementor-section-height-default\" data-id=\"b0b68b5\" data-element_type=\"section\" data-e-type=\"section\">\n\t\t\t\t\t\t<div class=\"elementor-container elementor-column-gap-default\">\n\t\t\t\t\t<div class=\"elementor-column elementor-col-100 elementor-top-column elementor-element elementor-element-800c555\" data-id=\"800c555\" data-element_type=\"column\" data-e-type=\"column\">\n\t\t\t<div class=\"elementor-widget-wrap elementor-element-populated\">\n\t\t\t\t\t\t<div class=\"elementor-element elementor-element-121905b elementor-widget elementor-widget-spacer\" data-id=\"121905b\" data-element_type=\"widget\" data-e-type=\"widget\" data-widget_type=\"spacer.default\">\n\t\t\t\t<div class=\"elementor-widget-container\">\n\t\t\t\t\t\t\t<div class=\"elementor-spacer\">\n\t\t\t<div class=\"elementor-spacer-inner\"><\/div>\n\t\t<\/div>\n\t\t\t\t\t\t<\/div>\n\t\t\t\t<\/div>\n\t\t\t\t<div class=\"elementor-element elementor-element-95dfc7c elementor-grid-5 elementor-grid-tablet-2 elementor-grid-mobile-1 elementor-posts--thumbnail-top elementor-card-shadow-yes elementor-posts__hover-gradient elementor-widget elementor-widget-posts\" data-id=\"95dfc7c\" data-element_type=\"widget\" data-e-type=\"widget\" data-settings=\"{&quot;cards_columns&quot;:&quot;5&quot;,&quot;cards_row_gap&quot;:{&quot;unit&quot;:&quot;px&quot;,&quot;size&quot;:25,&quot;sizes&quot;:[]},&quot;cards_columns_tablet&quot;:&quot;2&quot;,&quot;cards_columns_mobile&quot;:&quot;1&quot;,&quot;cards_row_gap_tablet&quot;:{&quot;unit&quot;:&quot;px&quot;,&quot;size&quot;:&quot;&quot;,&quot;sizes&quot;:[]},&quot;cards_row_gap_mobile&quot;:{&quot;unit&quot;:&quot;px&quot;,&quot;size&quot;:&quot;&quot;,&quot;sizes&quot;:[]}}\" data-widget_type=\"posts.cards\">\n\t\t\t\t<div class=\"elementor-widget-container\">\n\t\t\t\t\t\t\t<div class=\"elementor-posts-container elementor-posts elementor-posts--skin-cards elementor-grid\" role=\"list\">\n\t\t\t\t<article class=\"elementor-post elementor-grid-item post-27190 post type-post status-publish format-standard has-post-thumbnail hentry category-boletines-agronomico category-seccion-agronomica\" role=\"listitem\">\n\t\t\t<div class=\"elementor-post__card\">\n\t\t\t\t<a class=\"elementor-post__thumbnail__link\" href=\"https:\/\/stg.agro-100.ca\/es\/salvador-c-plex\/\" tabindex=\"-1\" ><div class=\"elementor-post__thumbnail\"><img decoding=\"async\" width=\"150\" height=\"150\" src=\"https:\/\/stg.agro-100.ca\/wp-content\/uploads\/2024\/07\/champs-150x150.jpg\" class=\"attachment-thumbnail size-thumbnail wp-image-25236\" alt=\"\" \/><\/div><\/a>\n\t\t\t\t<div class=\"elementor-post__text\">\n\t\t\t\t<h2 class=\"elementor-post__title\">\n\t\t\t<a href=\"https:\/\/stg.agro-100.ca\/es\/salvador-c-plex\/\" >\n\t\t\t\tSalvador C-plex\u00ae\u00a0\t\t\t<\/a>\n\t\t<\/h2>\n\t\t\n\t\t<a class=\"elementor-post__read-more\" href=\"https:\/\/stg.agro-100.ca\/es\/salvador-c-plex\/\" aria-label=\"M\u00e1s informaci\u00f3n sobre Salvador C-plex\u00ae\u00a0\" tabindex=\"-1\" >\n\t\t\tLire la suite \u00bb\t\t<\/a>\n\n\t\t\t\t<\/div>\n\t\t\t\t\t<\/div>\n\t\t<\/article>\n\t\t\t\t<article class=\"elementor-post elementor-grid-item post-25337 post type-post status-publish format-standard has-post-thumbnail hentry category-boletines-agronomico\" role=\"listitem\">\n\t\t\t<div class=\"elementor-post__card\">\n\t\t\t\t<a class=\"elementor-post__thumbnail__link\" href=\"https:\/\/stg.agro-100.ca\/es\/agro-b-mobilidad\/\" tabindex=\"-1\" ><div class=\"elementor-post__thumbnail\"><img decoding=\"async\" width=\"150\" height=\"150\" src=\"https:\/\/stg.agro-100.ca\/wp-content\/uploads\/2024\/07\/bleuets-150x150.jpg\" class=\"attachment-thumbnail size-thumbnail wp-image-25229\" alt=\"\" \/><\/div><\/a>\n\t\t\t\t<div class=\"elementor-post__text\">\n\t\t\t\t<h2 class=\"elementor-post__title\">\n\t\t\t<a href=\"https:\/\/stg.agro-100.ca\/es\/agro-b-mobilidad\/\" >\n\t\t\t\tAgro-B Mobilidad\t\t\t<\/a>\n\t\t<\/h2>\n\t\t\n\t\t<a class=\"elementor-post__read-more\" href=\"https:\/\/stg.agro-100.ca\/es\/agro-b-mobilidad\/\" aria-label=\"M\u00e1s informaci\u00f3n sobre Agro-B Mobilidad\" tabindex=\"-1\" >\n\t\t\tLire la suite \u00bb\t\t<\/a>\n\n\t\t\t\t<\/div>\n\t\t\t\t\t<\/div>\n\t\t<\/article>\n\t\t\t\t<article class=\"elementor-post elementor-grid-item post-24880 post type-post status-publish format-standard has-post-thumbnail hentry category-boletines-agronomico\" role=\"listitem\">\n\t\t\t<div class=\"elementor-post__card\">\n\t\t\t\t<a class=\"elementor-post__thumbnail__link\" href=\"https:\/\/stg.agro-100.ca\/es\/agro-phos-dans-la-pomme-de-terre\/\" tabindex=\"-1\" ><div class=\"elementor-post__thumbnail\"><img decoding=\"async\" width=\"150\" height=\"150\" src=\"https:\/\/stg.agro-100.ca\/wp-content\/uploads\/2024\/07\/potato-150x150.jpg\" class=\"attachment-thumbnail size-thumbnail wp-image-25266\" alt=\"\" \/><\/div><\/a>\n\t\t\t\t<div class=\"elementor-post__text\">\n\t\t\t\t<h2 class=\"elementor-post__title\">\n\t\t\t<a href=\"https:\/\/stg.agro-100.ca\/es\/agro-phos-dans-la-pomme-de-terre\/\" >\n\t\t\t\tAgro-Phos en la papa\t\t\t<\/a>\n\t\t<\/h2>\n\t\t\n\t\t<a class=\"elementor-post__read-more\" href=\"https:\/\/stg.agro-100.ca\/es\/agro-phos-dans-la-pomme-de-terre\/\" aria-label=\"M\u00e1s informaci\u00f3n sobre Agro-Phos en la papa\" tabindex=\"-1\" >\n\t\t\tLire la suite \u00bb\t\t<\/a>\n\n\t\t\t\t<\/div>\n\t\t\t\t\t<\/div>\n\t\t<\/article>\n\t\t\t\t<article class=\"elementor-post elementor-grid-item post-24268 post type-post status-publish format-standard has-post-thumbnail hentry category-boletines-agronomico category-bulletin-agronomique-technique\" role=\"listitem\">\n\t\t\t<div class=\"elementor-post__card\">\n\t\t\t\t<a class=\"elementor-post__thumbnail__link\" href=\"https:\/\/stg.agro-100.ca\/es\/la-fertirrigacion-fuente-de-un-crecimiento-equilibrado\/\" tabindex=\"-1\" ><div class=\"elementor-post__thumbnail\"><img loading=\"lazy\" decoding=\"async\" width=\"150\" height=\"150\" src=\"https:\/\/stg.agro-100.ca\/wp-content\/uploads\/2024\/07\/soya_2-150x150.jpg\" class=\"attachment-thumbnail size-thumbnail wp-image-25219\" alt=\"\" \/><\/div><\/a>\n\t\t\t\t<div class=\"elementor-post__text\">\n\t\t\t\t<h2 class=\"elementor-post__title\">\n\t\t\t<a href=\"https:\/\/stg.agro-100.ca\/es\/la-fertirrigacion-fuente-de-un-crecimiento-equilibrado\/\" >\n\t\t\t\tLa fertirrigaci\u00f3n, fuente de un crecimiento equilibrado\t\t\t<\/a>\n\t\t<\/h2>\n\t\t\n\t\t<a class=\"elementor-post__read-more\" href=\"https:\/\/stg.agro-100.ca\/es\/la-fertirrigacion-fuente-de-un-crecimiento-equilibrado\/\" aria-label=\"M\u00e1s informaci\u00f3n sobre La fertirrigaci\u00f3n, fuente de un crecimiento equilibrado\" tabindex=\"-1\" >\n\t\t\tLire la suite \u00bb\t\t<\/a>\n\n\t\t\t\t<\/div>\n\t\t\t\t\t<\/div>\n\t\t<\/article>\n\t\t\t\t<article class=\"elementor-post elementor-grid-item post-25418 post type-post status-publish format-standard has-post-thumbnail hentry category-boletines-agronomico\" role=\"listitem\">\n\t\t\t<div class=\"elementor-post__card\">\n\t\t\t\t<a class=\"elementor-post__thumbnail__link\" href=\"https:\/\/stg.agro-100.ca\/es\/poma\/\" tabindex=\"-1\" ><div class=\"elementor-post__thumbnail\"><img loading=\"lazy\" decoding=\"async\" width=\"150\" height=\"150\" src=\"https:\/\/stg.agro-100.ca\/wp-content\/uploads\/2024\/07\/apples-150x150.jpg\" class=\"attachment-thumbnail size-thumbnail wp-image-25256\" alt=\"\" \/><\/div><\/a>\n\t\t\t\t<div class=\"elementor-post__text\">\n\t\t\t\t<h2 class=\"elementor-post__title\">\n\t\t\t<a href=\"https:\/\/stg.agro-100.ca\/es\/poma\/\" >\n\t\t\t\tP\u00f3ma\t\t\t<\/a>\n\t\t<\/h2>\n\t\t\n\t\t<a class=\"elementor-post__read-more\" href=\"https:\/\/stg.agro-100.ca\/es\/poma\/\" aria-label=\"M\u00e1s informaci\u00f3n sobre P\u00f3ma\" tabindex=\"-1\" >\n\t\t\tLire la suite \u00bb\t\t<\/a>\n\n\t\t\t\t<\/div>\n\t\t\t\t\t<\/div>\n\t\t<\/article>\n\t\t\t\t<article class=\"elementor-post elementor-grid-item post-28054 post type-post status-publish format-standard has-post-thumbnail hentry category-boletines-agronomico\" role=\"listitem\">\n\t\t\t<div class=\"elementor-post__card\">\n\t\t\t\t<a class=\"elementor-post__thumbnail__link\" href=\"https:\/\/stg.agro-100.ca\/es\/nitro-b-en_el_maiz\/\" tabindex=\"-1\" ><div class=\"elementor-post__thumbnail\"><img loading=\"lazy\" decoding=\"async\" width=\"150\" height=\"150\" src=\"https:\/\/stg.agro-100.ca\/wp-content\/uploads\/2024\/10\/mais-150x150.jpg\" class=\"attachment-thumbnail size-thumbnail wp-image-25197\" alt=\"\" \/><\/div><\/a>\n\t\t\t\t<div class=\"elementor-post__text\">\n\t\t\t\t<h2 class=\"elementor-post__title\">\n\t\t\t<a href=\"https:\/\/stg.agro-100.ca\/es\/nitro-b-en_el_maiz\/\" >\n\t\t\t\tNitro-B en el ma\u00edz\t\t\t<\/a>\n\t\t<\/h2>\n\t\t\n\t\t<a class=\"elementor-post__read-more\" href=\"https:\/\/stg.agro-100.ca\/es\/nitro-b-en_el_maiz\/\" aria-label=\"M\u00e1s informaci\u00f3n sobre Nitro-B en el ma\u00edz\" tabindex=\"-1\" >\n\t\t\tLire la suite \u00bb\t\t<\/a>\n\n\t\t\t\t<\/div>\n\t\t\t\t\t<\/div>\n\t\t<\/article>\n\t\t\t\t<article class=\"elementor-post elementor-grid-item post-24973 post type-post status-publish format-standard has-post-thumbnail hentry category-boletines-agronomico\" role=\"listitem\">\n\t\t\t<div class=\"elementor-post__card\">\n\t\t\t\t<a class=\"elementor-post__thumbnail__link\" href=\"https:\/\/stg.agro-100.ca\/es\/kali-t\/\" tabindex=\"-1\" ><div class=\"elementor-post__thumbnail\"><img loading=\"lazy\" decoding=\"async\" width=\"150\" height=\"150\" src=\"https:\/\/stg.agro-100.ca\/wp-content\/uploads\/2024\/07\/ferme-150x150.jpg\" class=\"attachment-thumbnail size-thumbnail wp-image-25216\" alt=\"\" \/><\/div><\/a>\n\t\t\t\t<div class=\"elementor-post__text\">\n\t\t\t\t<h2 class=\"elementor-post__title\">\n\t\t\t<a href=\"https:\/\/stg.agro-100.ca\/es\/kali-t\/\" >\n\t\t\t\tKali-T\t\t\t<\/a>\n\t\t<\/h2>\n\t\t\n\t\t<a class=\"elementor-post__read-more\" href=\"https:\/\/stg.agro-100.ca\/es\/kali-t\/\" aria-label=\"M\u00e1s informaci\u00f3n sobre Kali-T\" tabindex=\"-1\" >\n\t\t\tLire la suite \u00bb\t\t<\/a>\n\n\t\t\t\t<\/div>\n\t\t\t\t\t<\/div>\n\t\t<\/article>\n\t\t\t\t<article class=\"elementor-post elementor-grid-item post-28041 post type-post status-publish format-standard has-post-thumbnail hentry category-boletines-agronomico\" role=\"listitem\">\n\t\t\t<div class=\"elementor-post__card\">\n\t\t\t\t<a class=\"elementor-post__thumbnail__link\" href=\"https:\/\/stg.agro-100.ca\/es\/entreposage-des-produits-liquides\/\" tabindex=\"-1\" ><div class=\"elementor-post__thumbnail\"><img loading=\"lazy\" decoding=\"async\" width=\"150\" height=\"150\" src=\"https:\/\/stg.agro-100.ca\/wp-content\/uploads\/2024\/07\/batiments-1-150x150.jpg\" class=\"attachment-thumbnail size-thumbnail wp-image-25262\" alt=\"\" \/><\/div><\/a>\n\t\t\t\t<div class=\"elementor-post__text\">\n\t\t\t\t<h2 class=\"elementor-post__title\">\n\t\t\t<a href=\"https:\/\/stg.agro-100.ca\/es\/entreposage-des-produits-liquides\/\" >\n\t\t\t\tAlmacenamiento de productos l\u00edquidos\t\t\t<\/a>\n\t\t<\/h2>\n\t\t\n\t\t<a class=\"elementor-post__read-more\" href=\"https:\/\/stg.agro-100.ca\/es\/entreposage-des-produits-liquides\/\" aria-label=\"M\u00e1s informaci\u00f3n sobre Almacenamiento de productos l\u00edquidos\" tabindex=\"-1\" >\n\t\t\tLire la suite \u00bb\t\t<\/a>\n\n\t\t\t\t<\/div>\n\t\t\t\t\t<\/div>\n\t\t<\/article>\n\t\t\t\t<article class=\"elementor-post elementor-grid-item post-24957 post type-post status-publish format-standard has-post-thumbnail hentry category-boletines-agronomico\" role=\"listitem\">\n\t\t\t<div class=\"elementor-post__card\">\n\t\t\t\t<a class=\"elementor-post__thumbnail__link\" href=\"https:\/\/stg.agro-100.ca\/es\/agro-start\/\" tabindex=\"-1\" ><div class=\"elementor-post__thumbnail\"><img loading=\"lazy\" decoding=\"async\" width=\"150\" height=\"150\" src=\"https:\/\/stg.agro-100.ca\/wp-content\/uploads\/2024\/07\/start-150x150.jpg\" class=\"attachment-thumbnail size-thumbnail wp-image-25233\" alt=\"\" \/><\/div><\/a>\n\t\t\t\t<div class=\"elementor-post__text\">\n\t\t\t\t<h2 class=\"elementor-post__title\">\n\t\t\t<a href=\"https:\/\/stg.agro-100.ca\/es\/agro-start\/\" >\n\t\t\t\tAgro-Start\t\t\t<\/a>\n\t\t<\/h2>\n\t\t\n\t\t<a class=\"elementor-post__read-more\" href=\"https:\/\/stg.agro-100.ca\/es\/agro-start\/\" aria-label=\"M\u00e1s informaci\u00f3n sobre Agro-Start\" tabindex=\"-1\" >\n\t\t\tLire la suite \u00bb\t\t<\/a>\n\n\t\t\t\t<\/div>\n\t\t\t\t\t<\/div>\n\t\t<\/article>\n\t\t\t\t<\/div>\n\t\t\n\t\t\t\t\t\t<\/div>\n\t\t\t\t<\/div>\n\t\t\t\t\t<\/div>\n\t\t<\/div>\n\t\t\t\t\t<\/div>\n\t\t<\/section>\n\t\t\t\t<\/div>\n\t\t","protected":false},"excerpt":{"rendered":"","protected":false},"author":2,"featured_media":0,"parent":0,"menu_order":0,"comment_status":"closed","ping_status":"closed","template":"elementor_header_footer","meta":{"_acf_changed":false,"footnotes":"","_wp_rev_ctl_limit":""},"class_list":["post-23920","page","type-page","status-publish","hentry"],"acf":[],"yoast_head":"<!-- This site is optimized with the Yoast SEO plugin v27.5 - https:\/\/yoast.com\/product\/yoast-seo-wordpress\/ -->\n<title>Boletines agron\u00f3micos t\u00e9cnicos &#8211; Agro-100<\/title>\n<meta name=\"robots\" content=\"noindex, follow, max-snippet:-1, max-image-preview:large, max-video-preview:-1\" \/>\n<meta property=\"og:locale\" content=\"es_ES\" \/>\n<meta property=\"og:type\" content=\"article\" \/>\n<meta property=\"og:title\" content=\"Boletines agron\u00f3micos t\u00e9cnicos &#8211; Agro-100\" \/>\n<meta property=\"og:url\" content=\"https:\/\/stg.agro-100.ca\/es\/boletines-agronomicos\/\" \/>\n<meta property=\"og:site_name\" content=\"Agro-100\" \/>\n<meta property=\"article:modified_time\" content=\"2024-11-18T17:24:16+00:00\" \/>\n<meta name=\"twitter:card\" content=\"summary_large_image\" \/>\n<meta name=\"twitter:label1\" content=\"Tiempo de lectura\" \/>\n\t<meta name=\"twitter:data1\" content=\"2 minutos\" \/>\n<script type=\"application\/ld+json\" class=\"yoast-schema-graph\">{\"@context\":\"https:\\\/\\\/schema.org\",\"@graph\":[{\"@type\":\"WebPage\",\"@id\":\"https:\\\/\\\/stg.agro-100.ca\\\/es\\\/boletines-agronomicos\\\/\",\"url\":\"https:\\\/\\\/stg.agro-100.ca\\\/es\\\/boletines-agronomicos\\\/\",\"name\":\"Boletines agron\u00f3micos t\u00e9cnicos &#8211; Agro-100\",\"isPartOf\":{\"@id\":\"https:\\\/\\\/stg.agro-100.ca\\\/#website\"},\"datePublished\":\"2024-07-30T18:32:54+00:00\",\"dateModified\":\"2024-11-18T17:24:16+00:00\",\"breadcrumb\":{\"@id\":\"https:\\\/\\\/stg.agro-100.ca\\\/es\\\/boletines-agronomicos\\\/#breadcrumb\"},\"inLanguage\":\"es\",\"potentialAction\":[{\"@type\":\"ReadAction\",\"target\":[\"https:\\\/\\\/stg.agro-100.ca\\\/es\\\/boletines-agronomicos\\\/\"]}]},{\"@type\":\"BreadcrumbList\",\"@id\":\"https:\\\/\\\/stg.agro-100.ca\\\/es\\\/boletines-agronomicos\\\/#breadcrumb\",\"itemListElement\":[{\"@type\":\"ListItem\",\"position\":1,\"name\":\"Accueil\",\"item\":\"https:\\\/\\\/stg.agro-100.ca\\\/es\\\/\"},{\"@type\":\"ListItem\",\"position\":2,\"name\":\"Boletines agron\u00f3micos t\u00e9cnicos\"}]},{\"@type\":\"WebSite\",\"@id\":\"https:\\\/\\\/stg.agro-100.ca\\\/#website\",\"url\":\"https:\\\/\\\/stg.agro-100.ca\\\/\",\"name\":\"Agro-100\",\"description\":\"Fertilizantes y bioestimulantes agr\u00edcolas\",\"publisher\":{\"@id\":\"https:\\\/\\\/stg.agro-100.ca\\\/#organization\"},\"potentialAction\":[{\"@type\":\"SearchAction\",\"target\":{\"@type\":\"EntryPoint\",\"urlTemplate\":\"https:\\\/\\\/stg.agro-100.ca\\\/?s={search_term_string}\"},\"query-input\":{\"@type\":\"PropertyValueSpecification\",\"valueRequired\":true,\"valueName\":\"search_term_string\"}}],\"inLanguage\":\"es\"},{\"@type\":\"Organization\",\"@id\":\"https:\\\/\\\/stg.agro-100.ca\\\/#organization\",\"name\":\"Agro-100\",\"url\":\"https:\\\/\\\/stg.agro-100.ca\\\/\",\"logo\":{\"@type\":\"ImageObject\",\"inLanguage\":\"es\",\"@id\":\"https:\\\/\\\/stg.agro-100.ca\\\/#\\\/schema\\\/logo\\\/image\\\/\",\"url\":\"https:\\\/\\\/stg.agro-100.ca\\\/wp-content\\\/uploads\\\/2024\\\/05\\\/logo-white.webp\",\"contentUrl\":\"https:\\\/\\\/stg.agro-100.ca\\\/wp-content\\\/uploads\\\/2024\\\/05\\\/logo-white.webp\",\"width\":183,\"height\":103,\"caption\":\"Agro-100\"},\"image\":{\"@id\":\"https:\\\/\\\/stg.agro-100.ca\\\/#\\\/schema\\\/logo\\\/image\\\/\"}}]}<\/script>\n<!-- \/ Yoast SEO plugin. -->","yoast_head_json":{"title":"Boletines agron\u00f3micos t\u00e9cnicos &#8211; Agro-100","robots":{"index":"noindex","follow":"follow","max-snippet":"max-snippet:-1","max-image-preview":"max-image-preview:large","max-video-preview":"max-video-preview:-1"},"og_locale":"es_ES","og_type":"article","og_title":"Boletines agron\u00f3micos t\u00e9cnicos &#8211; Agro-100","og_url":"https:\/\/stg.agro-100.ca\/es\/boletines-agronomicos\/","og_site_name":"Agro-100","article_modified_time":"2024-11-18T17:24:16+00:00","twitter_card":"summary_large_image","twitter_misc":{"Tiempo de lectura":"2 minutos"},"schema":{"@context":"https:\/\/schema.org","@graph":[{"@type":"WebPage","@id":"https:\/\/stg.agro-100.ca\/es\/boletines-agronomicos\/","url":"https:\/\/stg.agro-100.ca\/es\/boletines-agronomicos\/","name":"Boletines agron\u00f3micos t\u00e9cnicos &#8211; Agro-100","isPartOf":{"@id":"https:\/\/stg.agro-100.ca\/#website"},"datePublished":"2024-07-30T18:32:54+00:00","dateModified":"2024-11-18T17:24:16+00:00","breadcrumb":{"@id":"https:\/\/stg.agro-100.ca\/es\/boletines-agronomicos\/#breadcrumb"},"inLanguage":"es","potentialAction":[{"@type":"ReadAction","target":["https:\/\/stg.agro-100.ca\/es\/boletines-agronomicos\/"]}]},{"@type":"BreadcrumbList","@id":"https:\/\/stg.agro-100.ca\/es\/boletines-agronomicos\/#breadcrumb","itemListElement":[{"@type":"ListItem","position":1,"name":"Accueil","item":"https:\/\/stg.agro-100.ca\/es\/"},{"@type":"ListItem","position":2,"name":"Boletines agron\u00f3micos t\u00e9cnicos"}]},{"@type":"WebSite","@id":"https:\/\/stg.agro-100.ca\/#website","url":"https:\/\/stg.agro-100.ca\/","name":"Agro-100","description":"Fertilizantes y bioestimulantes agr\u00edcolas","publisher":{"@id":"https:\/\/stg.agro-100.ca\/#organization"},"potentialAction":[{"@type":"SearchAction","target":{"@type":"EntryPoint","urlTemplate":"https:\/\/stg.agro-100.ca\/?s={search_term_string}"},"query-input":{"@type":"PropertyValueSpecification","valueRequired":true,"valueName":"search_term_string"}}],"inLanguage":"es"},{"@type":"Organization","@id":"https:\/\/stg.agro-100.ca\/#organization","name":"Agro-100","url":"https:\/\/stg.agro-100.ca\/","logo":{"@type":"ImageObject","inLanguage":"es","@id":"https:\/\/stg.agro-100.ca\/#\/schema\/logo\/image\/","url":"https:\/\/stg.agro-100.ca\/wp-content\/uploads\/2024\/05\/logo-white.webp","contentUrl":"https:\/\/stg.agro-100.ca\/wp-content\/uploads\/2024\/05\/logo-white.webp","width":183,"height":103,"caption":"Agro-100"},"image":{"@id":"https:\/\/stg.agro-100.ca\/#\/schema\/logo\/image\/"}}]}},"_links":{"self":[{"href":"https:\/\/stg.agro-100.ca\/es\/wp-json\/wp\/v2\/pages\/23920","targetHints":{"allow":["GET"]}}],"collection":[{"href":"https:\/\/stg.agro-100.ca\/es\/wp-json\/wp\/v2\/pages"}],"about":[{"href":"https:\/\/stg.agro-100.ca\/es\/wp-json\/wp\/v2\/types\/page"}],"author":[{"embeddable":true,"href":"https:\/\/stg.agro-100.ca\/es\/wp-json\/wp\/v2\/users\/2"}],"replies":[{"embeddable":true,"href":"https:\/\/stg.agro-100.ca\/es\/wp-json\/wp\/v2\/comments?post=23920"}],"version-history":[{"count":0,"href":"https:\/\/stg.agro-100.ca\/es\/wp-json\/wp\/v2\/pages\/23920\/revisions"}],"wp:attachment":[{"href":"https:\/\/stg.agro-100.ca\/es\/wp-json\/wp\/v2\/media?parent=23920"}],"curies":[{"name":"wp","href":"https:\/\/api.w.org\/{rel}","templated":true}]}}