{"id":23880,"date":"2024-07-30T14:30:27","date_gmt":"2024-07-30T18:30:27","guid":{"rendered":"https:\/\/agro-100.ca\/staging\/articles-specialises\/"},"modified":"2024-11-12T11:35:06","modified_gmt":"2024-11-12T16:35:06","slug":"articles-cientificos","status":"publish","type":"page","link":"https:\/\/stg.agro-100.ca\/es\/articles-cientificos\/","title":{"rendered":"Art\u00edculos cient\u00edficos"},"content":{"rendered":"\t\t<div data-elementor-type=\"wp-page\" data-elementor-id=\"23880\" class=\"elementor elementor-23880 elementor-21468\" data-elementor-post-type=\"page\">\n\t\t\t\t\t\t<section class=\"elementor-section elementor-top-section elementor-element elementor-element-d97b6e1 elementor-section-boxed elementor-section-height-default elementor-section-height-default\" data-id=\"d97b6e1\" data-element_type=\"section\" data-e-type=\"section\">\n\t\t\t\t\t\t<div class=\"elementor-container elementor-column-gap-default\">\n\t\t\t\t\t<div class=\"elementor-column elementor-col-100 elementor-top-column elementor-element elementor-element-a615100\" data-id=\"a615100\" data-element_type=\"column\" data-e-type=\"column\">\n\t\t\t<div class=\"elementor-widget-wrap\">\n\t\t\t\t\t\t\t<\/div>\n\t\t<\/div>\n\t\t\t\t\t<\/div>\n\t\t<\/section>\n\t\t\t\t<section class=\"elementor-section elementor-top-section elementor-element elementor-element-27e37e6f elementor-section-boxed elementor-section-height-default elementor-section-height-default\" data-id=\"27e37e6f\" data-element_type=\"section\" data-e-type=\"section\" data-settings=\"{&quot;background_background&quot;:&quot;classic&quot;}\">\n\t\t\t\t\t\t\t<div class=\"elementor-background-overlay\"><\/div>\n\t\t\t\t\t\t\t<div class=\"elementor-container elementor-column-gap-default\">\n\t\t\t\t\t<div class=\"elementor-column elementor-col-100 elementor-top-column elementor-element elementor-element-49fc9cea\" data-id=\"49fc9cea\" data-element_type=\"column\" data-e-type=\"column\">\n\t\t\t<div class=\"elementor-widget-wrap elementor-element-populated\">\n\t\t\t\t\t\t\t<\/div>\n\t\t<\/div>\n\t\t\t\t\t<\/div>\n\t\t<\/section>\n\t\t\t\t<section class=\"elementor-section elementor-top-section elementor-element elementor-element-b0b68b5 elementor-section-boxed elementor-section-height-default elementor-section-height-default\" data-id=\"b0b68b5\" data-element_type=\"section\" data-e-type=\"section\">\n\t\t\t\t\t\t<div class=\"elementor-container elementor-column-gap-default\">\n\t\t\t\t\t<div class=\"elementor-column elementor-col-100 elementor-top-column elementor-element elementor-element-800c555\" data-id=\"800c555\" data-element_type=\"column\" data-e-type=\"column\">\n\t\t\t<div class=\"elementor-widget-wrap elementor-element-populated\">\n\t\t\t\t\t\t<div class=\"elementor-element elementor-element-121905b elementor-widget elementor-widget-spacer\" data-id=\"121905b\" data-element_type=\"widget\" data-e-type=\"widget\" data-widget_type=\"spacer.default\">\n\t\t\t\t<div class=\"elementor-widget-container\">\n\t\t\t\t\t\t\t<div class=\"elementor-spacer\">\n\t\t\t<div class=\"elementor-spacer-inner\"><\/div>\n\t\t<\/div>\n\t\t\t\t\t\t<\/div>\n\t\t\t\t<\/div>\n\t\t\t\t<div class=\"elementor-element elementor-element-95dfc7c elementor-grid-4 elementor-grid-tablet-2 elementor-grid-mobile-1 elementor-posts--thumbnail-top elementor-card-shadow-yes elementor-posts__hover-gradient elementor-widget elementor-widget-posts\" data-id=\"95dfc7c\" data-element_type=\"widget\" data-e-type=\"widget\" data-settings=\"{&quot;cards_columns&quot;:&quot;4&quot;,&quot;cards_row_gap&quot;:{&quot;unit&quot;:&quot;px&quot;,&quot;size&quot;:25,&quot;sizes&quot;:[]},&quot;cards_columns_tablet&quot;:&quot;2&quot;,&quot;cards_columns_mobile&quot;:&quot;1&quot;,&quot;cards_row_gap_tablet&quot;:{&quot;unit&quot;:&quot;px&quot;,&quot;size&quot;:&quot;&quot;,&quot;sizes&quot;:[]},&quot;cards_row_gap_mobile&quot;:{&quot;unit&quot;:&quot;px&quot;,&quot;size&quot;:&quot;&quot;,&quot;sizes&quot;:[]}}\" data-widget_type=\"posts.cards\">\n\t\t\t\t<div class=\"elementor-widget-container\">\n\t\t\t\t\t\t\t<div class=\"elementor-posts-container elementor-posts elementor-posts--skin-cards elementor-grid\" role=\"list\">\n\t\t\t\t<article class=\"elementor-post elementor-grid-item post-27962 post type-post status-publish format-standard has-post-thumbnail hentry category-articulos-cientificos category-seccion-agronomica\" role=\"listitem\">\n\t\t\t<div class=\"elementor-post__card\">\n\t\t\t\t<a class=\"elementor-post__thumbnail__link\" href=\"https:\/\/stg.agro-100.ca\/es\/la-microbiologia-al-servicio-de-la-agricultura\/\" tabindex=\"-1\" ><div class=\"elementor-post__thumbnail\"><img decoding=\"async\" width=\"150\" height=\"150\" src=\"https:\/\/stg.agro-100.ca\/wp-content\/uploads\/2024\/05\/plante_en_champ-150x150.jpg\" class=\"attachment-thumbnail size-thumbnail wp-image-17797\" alt=\"\" \/><\/div><\/a>\n\t\t\t\t<div class=\"elementor-post__text\">\n\t\t\t\t<h2 class=\"elementor-post__title\">\n\t\t\t<a href=\"https:\/\/stg.agro-100.ca\/es\/la-microbiologia-al-servicio-de-la-agricultura\/\" >\n\t\t\t\tLa microbiolog\u00eda al servicio de la agricultura\t\t\t<\/a>\n\t\t<\/h2>\n\t\t\n\t\t<a class=\"elementor-post__read-more\" href=\"https:\/\/stg.agro-100.ca\/es\/la-microbiologia-al-servicio-de-la-agricultura\/\" aria-label=\"M\u00e1s informaci\u00f3n sobre La microbiolog\u00eda al servicio de la agricultura\" tabindex=\"-1\" >\n\t\t\tLire la suite \u00bb\t\t<\/a>\n\n\t\t\t\t<\/div>\n\t\t\t\t\t<\/div>\n\t\t<\/article>\n\t\t\t\t<article class=\"elementor-post elementor-grid-item post-24222 post type-post status-publish format-standard has-post-thumbnail hentry category-articulos-cientificos\" role=\"listitem\">\n\t\t\t<div class=\"elementor-post__card\">\n\t\t\t\t<a class=\"elementor-post__thumbnail__link\" href=\"https:\/\/stg.agro-100.ca\/es\/la-fertilizacion-foliar\/\" tabindex=\"-1\" ><div class=\"elementor-post__thumbnail\"><img decoding=\"async\" width=\"150\" height=\"150\" src=\"https:\/\/stg.agro-100.ca\/wp-content\/uploads\/2024\/08\/fertigation-150x150.jpg\" class=\"attachment-thumbnail size-thumbnail wp-image-25243\" alt=\"\" \/><\/div><\/a>\n\t\t\t\t<div class=\"elementor-post__text\">\n\t\t\t\t<h2 class=\"elementor-post__title\">\n\t\t\t<a href=\"https:\/\/stg.agro-100.ca\/es\/la-fertilizacion-foliar\/\" >\n\t\t\t\tLa fertilizaci\u00f3n foliar\t\t\t<\/a>\n\t\t<\/h2>\n\t\t\n\t\t<a class=\"elementor-post__read-more\" href=\"https:\/\/stg.agro-100.ca\/es\/la-fertilizacion-foliar\/\" aria-label=\"M\u00e1s informaci\u00f3n sobre La fertilizaci\u00f3n foliar\" tabindex=\"-1\" >\n\t\t\tLire la suite \u00bb\t\t<\/a>\n\n\t\t\t\t<\/div>\n\t\t\t\t\t<\/div>\n\t\t<\/article>\n\t\t\t\t<article class=\"elementor-post elementor-grid-item post-24250 post type-post status-publish format-standard has-post-thumbnail hentry category-articulos-cientificos\" role=\"listitem\">\n\t\t\t<div class=\"elementor-post__card\">\n\t\t\t\t<a class=\"elementor-post__thumbnail__link\" href=\"https:\/\/stg.agro-100.ca\/es\/oligo-prime_es_article\/\" tabindex=\"-1\" ><div class=\"elementor-post__thumbnail\"><img decoding=\"async\" width=\"150\" height=\"150\" src=\"https:\/\/stg.agro-100.ca\/wp-content\/uploads\/2024\/07\/Oligo_Prime_K_2-150x150.png\" class=\"attachment-thumbnail size-thumbnail wp-image-22802\" alt=\"\" \/><\/div><\/a>\n\t\t\t\t<div class=\"elementor-post__text\">\n\t\t\t\t<h2 class=\"elementor-post__title\">\n\t\t\t<a href=\"https:\/\/stg.agro-100.ca\/es\/oligo-prime_es_article\/\" >\n\t\t\t\tTecnolog\u00eda Oligo Prime<sup>\u00ae<\/sup>\t\t\t<\/a>\n\t\t<\/h2>\n\t\t\n\t\t<a class=\"elementor-post__read-more\" href=\"https:\/\/stg.agro-100.ca\/es\/oligo-prime_es_article\/\" aria-label=\"M\u00e1s informaci\u00f3n sobre Tecnolog\u00eda Oligo Prime&lt;sup&gt;\u00ae&lt;\/sup&gt;\" tabindex=\"-1\" >\n\t\t\tLire la suite \u00bb\t\t<\/a>\n\n\t\t\t\t<\/div>\n\t\t\t\t\t<\/div>\n\t\t<\/article>\n\t\t\t\t<\/div>\n\t\t\n\t\t\t\t\t\t<\/div>\n\t\t\t\t<\/div>\n\t\t\t\t\t<\/div>\n\t\t<\/div>\n\t\t\t\t\t<\/div>\n\t\t<\/section>\n\t\t\t\t<\/div>\n\t\t","protected":false},"excerpt":{"rendered":"","protected":false},"author":2,"featured_media":0,"parent":0,"menu_order":0,"comment_status":"closed","ping_status":"closed","template":"elementor_header_footer","meta":{"_acf_changed":false,"footnotes":"","_wp_rev_ctl_limit":""},"class_list":["post-23880","page","type-page","status-publish","hentry"],"acf":[],"yoast_head":"<!-- This site is optimized with the Yoast SEO plugin v27.5 - https:\/\/yoast.com\/product\/yoast-seo-wordpress\/ -->\n<title>Art\u00edculos cient\u00edficos &#8211; Agro-100<\/title>\n<meta name=\"robots\" content=\"noindex, follow, max-snippet:-1, max-image-preview:large, max-video-preview:-1\" \/>\n<meta property=\"og:locale\" content=\"es_ES\" \/>\n<meta property=\"og:type\" content=\"article\" \/>\n<meta property=\"og:title\" content=\"Art\u00edculos cient\u00edficos &#8211; Agro-100\" \/>\n<meta property=\"og:url\" content=\"https:\/\/stg.agro-100.ca\/articles-scientifiques\/\" \/>\n<meta property=\"og:site_name\" content=\"Agro-100\" \/>\n<meta property=\"article:modified_time\" content=\"2024-11-12T16:35:06+00:00\" \/>\n<meta name=\"twitter:card\" content=\"summary_large_image\" \/>\n<meta name=\"twitter:label1\" content=\"Tiempo de lectura\" \/>\n\t<meta name=\"twitter:data1\" content=\"1 minuto\" \/>\n<script type=\"application\/ld+json\" class=\"yoast-schema-graph\">{\"@context\":\"https:\\\/\\\/schema.org\",\"@graph\":[{\"@type\":\"WebPage\",\"@id\":\"https:\\\/\\\/stg.agro-100.ca\\\/articles-scientifiques\\\/\",\"url\":\"https:\\\/\\\/stg.agro-100.ca\\\/articles-scientifiques\\\/\",\"name\":\"Art\u00edculos cient\u00edficos &#8211; Agro-100\",\"isPartOf\":{\"@id\":\"https:\\\/\\\/stg.agro-100.ca\\\/#website\"},\"datePublished\":\"2024-07-30T18:30:27+00:00\",\"dateModified\":\"2024-11-12T16:35:06+00:00\",\"breadcrumb\":{\"@id\":\"https:\\\/\\\/stg.agro-100.ca\\\/articles-scientifiques\\\/#breadcrumb\"},\"inLanguage\":\"es\",\"potentialAction\":[{\"@type\":\"ReadAction\",\"target\":[\"https:\\\/\\\/stg.agro-100.ca\\\/articles-scientifiques\\\/\"]}]},{\"@type\":\"BreadcrumbList\",\"@id\":\"https:\\\/\\\/stg.agro-100.ca\\\/articles-scientifiques\\\/#breadcrumb\",\"itemListElement\":[{\"@type\":\"ListItem\",\"position\":1,\"name\":\"Accueil\",\"item\":\"https:\\\/\\\/stg.agro-100.ca\\\/es\\\/\"},{\"@type\":\"ListItem\",\"position\":2,\"name\":\"Art\u00edculos cient\u00edficos\"}]},{\"@type\":\"WebSite\",\"@id\":\"https:\\\/\\\/stg.agro-100.ca\\\/#website\",\"url\":\"https:\\\/\\\/stg.agro-100.ca\\\/\",\"name\":\"Agro-100\",\"description\":\"Fertilizantes y bioestimulantes agr\u00edcolas\",\"publisher\":{\"@id\":\"https:\\\/\\\/stg.agro-100.ca\\\/#organization\"},\"potentialAction\":[{\"@type\":\"SearchAction\",\"target\":{\"@type\":\"EntryPoint\",\"urlTemplate\":\"https:\\\/\\\/stg.agro-100.ca\\\/?s={search_term_string}\"},\"query-input\":{\"@type\":\"PropertyValueSpecification\",\"valueRequired\":true,\"valueName\":\"search_term_string\"}}],\"inLanguage\":\"es\"},{\"@type\":\"Organization\",\"@id\":\"https:\\\/\\\/stg.agro-100.ca\\\/#organization\",\"name\":\"Agro-100\",\"url\":\"https:\\\/\\\/stg.agro-100.ca\\\/\",\"logo\":{\"@type\":\"ImageObject\",\"inLanguage\":\"es\",\"@id\":\"https:\\\/\\\/stg.agro-100.ca\\\/#\\\/schema\\\/logo\\\/image\\\/\",\"url\":\"https:\\\/\\\/stg.agro-100.ca\\\/wp-content\\\/uploads\\\/2024\\\/05\\\/logo-white.webp\",\"contentUrl\":\"https:\\\/\\\/stg.agro-100.ca\\\/wp-content\\\/uploads\\\/2024\\\/05\\\/logo-white.webp\",\"width\":183,\"height\":103,\"caption\":\"Agro-100\"},\"image\":{\"@id\":\"https:\\\/\\\/stg.agro-100.ca\\\/#\\\/schema\\\/logo\\\/image\\\/\"}}]}<\/script>\n<!-- \/ Yoast SEO plugin. -->","yoast_head_json":{"title":"Art\u00edculos cient\u00edficos &#8211; Agro-100","robots":{"index":"noindex","follow":"follow","max-snippet":"max-snippet:-1","max-image-preview":"max-image-preview:large","max-video-preview":"max-video-preview:-1"},"og_locale":"es_ES","og_type":"article","og_title":"Art\u00edculos cient\u00edficos &#8211; Agro-100","og_url":"https:\/\/stg.agro-100.ca\/articles-scientifiques\/","og_site_name":"Agro-100","article_modified_time":"2024-11-12T16:35:06+00:00","twitter_card":"summary_large_image","twitter_misc":{"Tiempo de lectura":"1 minuto"},"schema":{"@context":"https:\/\/schema.org","@graph":[{"@type":"WebPage","@id":"https:\/\/stg.agro-100.ca\/articles-scientifiques\/","url":"https:\/\/stg.agro-100.ca\/articles-scientifiques\/","name":"Art\u00edculos cient\u00edficos &#8211; Agro-100","isPartOf":{"@id":"https:\/\/stg.agro-100.ca\/#website"},"datePublished":"2024-07-30T18:30:27+00:00","dateModified":"2024-11-12T16:35:06+00:00","breadcrumb":{"@id":"https:\/\/stg.agro-100.ca\/articles-scientifiques\/#breadcrumb"},"inLanguage":"es","potentialAction":[{"@type":"ReadAction","target":["https:\/\/stg.agro-100.ca\/articles-scientifiques\/"]}]},{"@type":"BreadcrumbList","@id":"https:\/\/stg.agro-100.ca\/articles-scientifiques\/#breadcrumb","itemListElement":[{"@type":"ListItem","position":1,"name":"Accueil","item":"https:\/\/stg.agro-100.ca\/es\/"},{"@type":"ListItem","position":2,"name":"Art\u00edculos cient\u00edficos"}]},{"@type":"WebSite","@id":"https:\/\/stg.agro-100.ca\/#website","url":"https:\/\/stg.agro-100.ca\/","name":"Agro-100","description":"Fertilizantes y bioestimulantes agr\u00edcolas","publisher":{"@id":"https:\/\/stg.agro-100.ca\/#organization"},"potentialAction":[{"@type":"SearchAction","target":{"@type":"EntryPoint","urlTemplate":"https:\/\/stg.agro-100.ca\/?s={search_term_string}"},"query-input":{"@type":"PropertyValueSpecification","valueRequired":true,"valueName":"search_term_string"}}],"inLanguage":"es"},{"@type":"Organization","@id":"https:\/\/stg.agro-100.ca\/#organization","name":"Agro-100","url":"https:\/\/stg.agro-100.ca\/","logo":{"@type":"ImageObject","inLanguage":"es","@id":"https:\/\/stg.agro-100.ca\/#\/schema\/logo\/image\/","url":"https:\/\/stg.agro-100.ca\/wp-content\/uploads\/2024\/05\/logo-white.webp","contentUrl":"https:\/\/stg.agro-100.ca\/wp-content\/uploads\/2024\/05\/logo-white.webp","width":183,"height":103,"caption":"Agro-100"},"image":{"@id":"https:\/\/stg.agro-100.ca\/#\/schema\/logo\/image\/"}}]}},"_links":{"self":[{"href":"https:\/\/stg.agro-100.ca\/es\/wp-json\/wp\/v2\/pages\/23880","targetHints":{"allow":["GET"]}}],"collection":[{"href":"https:\/\/stg.agro-100.ca\/es\/wp-json\/wp\/v2\/pages"}],"about":[{"href":"https:\/\/stg.agro-100.ca\/es\/wp-json\/wp\/v2\/types\/page"}],"author":[{"embeddable":true,"href":"https:\/\/stg.agro-100.ca\/es\/wp-json\/wp\/v2\/users\/2"}],"replies":[{"embeddable":true,"href":"https:\/\/stg.agro-100.ca\/es\/wp-json\/wp\/v2\/comments?post=23880"}],"version-history":[{"count":0,"href":"https:\/\/stg.agro-100.ca\/es\/wp-json\/wp\/v2\/pages\/23880\/revisions"}],"wp:attachment":[{"href":"https:\/\/stg.agro-100.ca\/es\/wp-json\/wp\/v2\/media?parent=23880"}],"curies":[{"name":"wp","href":"https:\/\/api.w.org\/{rel}","templated":true}]}}