{"id":19261,"date":"2024-09-05T13:02:05","date_gmt":"2024-09-05T17:02:05","guid":{"rendered":"https:\/\/agro-100.ca\/staging\/?page_id=19261"},"modified":"2024-09-05T13:16:07","modified_gmt":"2024-09-05T17:16:07","slug":"agromovil","status":"publish","type":"page","link":"https:\/\/stg.agro-100.ca\/es\/agromovil\/","title":{"rendered":"AgroM\u00f3vil"},"content":{"rendered":"\t\t<div data-elementor-type=\"wp-page\" data-elementor-id=\"19261\" class=\"elementor elementor-19261 elementor-19259\" data-elementor-post-type=\"page\">\n\t\t\t\t\t\t<section class=\"elementor-section elementor-top-section elementor-element elementor-element-f4e4912 elementor-section-boxed elementor-section-height-default elementor-section-height-default\" data-id=\"f4e4912\" data-element_type=\"section\" data-e-type=\"section\" data-settings=\"{&quot;background_background&quot;:&quot;classic&quot;}\">\n\t\t\t\t\t\t\t<div class=\"elementor-background-overlay\"><\/div>\n\t\t\t\t\t\t\t<div class=\"elementor-container elementor-column-gap-default\">\n\t\t\t\t\t<div class=\"elementor-column elementor-col-100 elementor-top-column elementor-element elementor-element-b89e0f4\" data-id=\"b89e0f4\" data-element_type=\"column\" data-e-type=\"column\">\n\t\t\t<div class=\"elementor-widget-wrap elementor-element-populated\">\n\t\t\t\t\t\t\t<\/div>\n\t\t<\/div>\n\t\t\t\t\t<\/div>\n\t\t<\/section>\n\t\t\t\t<section class=\"elementor-section elementor-top-section elementor-element elementor-element-cd878b3 elementor-section-full_width elementor-section-height-default elementor-section-height-default\" data-id=\"cd878b3\" data-element_type=\"section\" data-e-type=\"section\" data-settings=\"{&quot;background_background&quot;:&quot;classic&quot;}\">\n\t\t\t\t\t\t<div class=\"elementor-container elementor-column-gap-default\">\n\t\t\t\t\t<div class=\"elementor-column elementor-col-100 elementor-top-column elementor-element elementor-element-b91d75b\" data-id=\"b91d75b\" data-element_type=\"column\" data-e-type=\"column\">\n\t\t\t<div class=\"elementor-widget-wrap elementor-element-populated\">\n\t\t\t\t\t\t<div class=\"elementor-element elementor-element-be67759 elementor-widget elementor-widget-spacer\" data-id=\"be67759\" data-element_type=\"widget\" data-e-type=\"widget\" data-widget_type=\"spacer.default\">\n\t\t\t\t<div class=\"elementor-widget-container\">\n\t\t\t\t\t\t\t<div class=\"elementor-spacer\">\n\t\t\t<div class=\"elementor-spacer-inner\"><\/div>\n\t\t<\/div>\n\t\t\t\t\t\t<\/div>\n\t\t\t\t<\/div>\n\t\t\t\t<div class=\"elementor-element elementor-element-3451f17 elementor-widget elementor-widget-heading\" data-id=\"3451f17\" data-element_type=\"widget\" data-e-type=\"widget\" data-widget_type=\"heading.default\">\n\t\t\t\t<div class=\"elementor-widget-container\">\n\t\t\t\t\t<h4 class=\"elementor-heading-title elementor-size-default\">Una herramienta indispensable al alcance de la mano<\/h4>\t\t\t\t<\/div>\n\t\t\t\t<\/div>\n\t\t\t\t<section class=\"elementor-section elementor-inner-section elementor-element elementor-element-d081fc6 elementor-section-boxed elementor-section-height-default elementor-section-height-default\" data-id=\"d081fc6\" data-element_type=\"section\" data-e-type=\"section\">\n\t\t\t\t\t\t<div class=\"elementor-container elementor-column-gap-default\">\n\t\t\t\t\t<div class=\"elementor-column elementor-col-50 elementor-inner-column elementor-element elementor-element-525b473\" data-id=\"525b473\" data-element_type=\"column\" data-e-type=\"column\">\n\t\t\t<div class=\"elementor-widget-wrap elementor-element-populated\">\n\t\t\t\t\t\t<div class=\"elementor-element elementor-element-9b15205 elementor-widget elementor-widget-image\" data-id=\"9b15205\" data-element_type=\"widget\" data-e-type=\"widget\" data-widget_type=\"image.default\">\n\t\t\t\t<div class=\"elementor-widget-container\">\n\t\t\t\t\t\t\t\t\t\t\t\t\t\t\t<img fetchpriority=\"high\" decoding=\"async\" width=\"400\" height=\"633\" src=\"https:\/\/stg.agro-100.ca\/wp-content\/uploads\/2024\/08\/phone_app.webp\" class=\"attachment-medium_large size-medium_large wp-image-21707\" alt=\"\" \/>\t\t\t\t\t\t\t\t\t\t\t\t\t\t\t<\/div>\n\t\t\t\t<\/div>\n\t\t\t\t\t<\/div>\n\t\t<\/div>\n\t\t\t\t<div class=\"elementor-column elementor-col-50 elementor-inner-column elementor-element elementor-element-28b2c94\" data-id=\"28b2c94\" data-element_type=\"column\" data-e-type=\"column\">\n\t\t\t<div class=\"elementor-widget-wrap elementor-element-populated\">\n\t\t\t\t\t\t<div class=\"elementor-element elementor-element-22edfdf elementor-widget elementor-widget-text-editor\" data-id=\"22edfdf\" data-element_type=\"widget\" data-e-type=\"widget\" data-widget_type=\"text-editor.default\">\n\t\t\t\t<div class=\"elementor-widget-container\">\n\t\t\t\t\t\t\t\t\t<p class=\"p1\">El <strong>AgroM\u00f3vil<\/strong> es una aplicaci\u00f3n desarrollada por <strong>Agro-100<\/strong>, para guiarte en tus pr\u00e1cticas agr\u00edcolas. Disponible en celulares <strong>Android<\/strong> y <strong>iOS<\/strong>, el <strong>AgroM\u00f3vil<\/strong> es una herramienta pr\u00e1ctica que contiene una multitud de informaci\u00f3n sobre nuestros productos, numerosas calculadoras, as\u00ed como una tabla de compatibilidad.<\/p><h3>\u00a0<\/h3>\t\t\t\t\t\t\t\t<\/div>\n\t\t\t\t<\/div>\n\t\t\t\t<div class=\"elementor-element elementor-element-06cb18d elementor-widget elementor-widget-image\" data-id=\"06cb18d\" data-element_type=\"widget\" data-e-type=\"widget\" data-widget_type=\"image.default\">\n\t\t\t\t<div class=\"elementor-widget-container\">\n\t\t\t\t\t\t\t\t\t\t\t\t\t\t\t\t<a href=\"https:\/\/apps.apple.com\/ca\/app\/agro-100-fr\/id1076430396\">\n\t\t\t\t\t\t\t<img decoding=\"async\" src=\"https:\/\/stg.agro-100.ca\/wp-content\/uploads\/elementor\/thumbs\/app_store_es-1-qtums5mvaeezb6nuaxyozb2xk4mjjeudac6mpntwwu.png\" title=\"app_store_es\" alt=\"app_store_es\" loading=\"lazy\" \/>\t\t\t\t\t\t\t\t<\/a>\n\t\t\t\t\t\t\t\t\t\t\t\t\t\t\t<\/div>\n\t\t\t\t<\/div>\n\t\t\t\t<div class=\"elementor-element elementor-element-01c2189 elementor-widget elementor-widget-image\" data-id=\"01c2189\" data-element_type=\"widget\" data-e-type=\"widget\" data-widget_type=\"image.default\">\n\t\t\t\t<div class=\"elementor-widget-container\">\n\t\t\t\t\t\t\t\t\t\t\t\t\t\t\t\t<a href=\"https:\/\/play.google.com\/store\/apps\/details?id=com.fusion.agro100\">\n\t\t\t\t\t\t\t<img decoding=\"async\" src=\"https:\/\/stg.agro-100.ca\/wp-content\/uploads\/elementor\/thumbs\/google-play-es-qtums5mvwbswvw2kcd21rsl3vvi98cgmxhqarvt1om.png\" title=\"google-play-es\" alt=\"google-play-es\" loading=\"lazy\" \/>\t\t\t\t\t\t\t\t<\/a>\n\t\t\t\t\t\t\t\t\t\t\t\t\t\t\t<\/div>\n\t\t\t\t<\/div>\n\t\t\t\t<div class=\"elementor-element elementor-element-ee35eb4 elementor-widget elementor-widget-heading\" data-id=\"ee35eb4\" data-element_type=\"widget\" data-e-type=\"widget\" data-widget_type=\"heading.default\">\n\t\t\t\t<div class=\"elementor-widget-container\">\n\t\t\t\t\t<h4 class=\"elementor-heading-title elementor-size-default\">\u00bfQu\u00e9 se encuentra en la aplicaci\u00f3n?<\/h4>\t\t\t\t<\/div>\n\t\t\t\t<\/div>\n\t\t\t\t<div class=\"elementor-element elementor-element-b9df4bd elementor-widget elementor-widget-accordion\" data-id=\"b9df4bd\" data-element_type=\"widget\" data-e-type=\"widget\" data-widget_type=\"accordion.default\">\n\t\t\t\t<div class=\"elementor-widget-container\">\n\t\t\t\t\t\t\t<div class=\"elementor-accordion\">\n\t\t\t\t\t\t\t<div class=\"elementor-accordion-item\">\n\t\t\t\t\t<h3 id=\"elementor-tab-title-1941\" class=\"elementor-tab-title\" data-tab=\"1\" role=\"button\" aria-controls=\"elementor-tab-content-1941\" aria-expanded=\"false\">\n\t\t\t\t\t\t\t\t\t\t\t\t\t<span class=\"elementor-accordion-icon elementor-accordion-icon-left\" aria-hidden=\"true\">\n\t\t\t\t\t\t\t\t\t\t\t\t\t\t\t<span class=\"elementor-accordion-icon-closed\"><i class=\"fas fa-cogs\"><\/i><\/span>\n\t\t\t\t\t\t\t\t<span class=\"elementor-accordion-icon-opened\"><i class=\"far fa-cogs\"><\/i><\/span>\n\t\t\t\t\t\t\t\t\t\t\t\t\t\t<\/span>\n\t\t\t\t\t\t\t\t\t\t\t\t<a class=\"elementor-accordion-title\" tabindex=\"0\">Cat\u00e1logo completo de nuestros nutrientes l\u00edquidos<\/a>\n\t\t\t\t\t<\/h3>\n\t\t\t\t\t<div id=\"elementor-tab-content-1941\" class=\"elementor-tab-content elementor-clearfix\" data-tab=\"1\" role=\"region\" aria-labelledby=\"elementor-tab-title-1941\"><p>Para conocer todo sobre nuestra gama completa de nutrientes l\u00edquidos.<\/p><\/div>\n\t\t\t\t<\/div>\n\t\t\t\t\t\t\t\t<\/div>\n\t\t\t\t\t\t<\/div>\n\t\t\t\t<\/div>\n\t\t\t\t\t<\/div>\n\t\t<\/div>\n\t\t\t\t\t<\/div>\n\t\t<\/section>\n\t\t\t\t<div class=\"elementor-element elementor-element-3447226 elementor-widget elementor-widget-spacer\" data-id=\"3447226\" data-element_type=\"widget\" data-e-type=\"widget\" data-widget_type=\"spacer.default\">\n\t\t\t\t<div class=\"elementor-widget-container\">\n\t\t\t\t\t\t\t<div class=\"elementor-spacer\">\n\t\t\t<div class=\"elementor-spacer-inner\"><\/div>\n\t\t<\/div>\n\t\t\t\t\t\t<\/div>\n\t\t\t\t<\/div>\n\t\t\t\t\t<\/div>\n\t\t<\/div>\n\t\t\t\t\t<\/div>\n\t\t<\/section>\n\t\t\t\t<\/div>\n\t\t","protected":false},"excerpt":{"rendered":"<p>Una herramienta indispensable al alcance de la mano El AgroM\u00f3vil es una aplicaci\u00f3n desarrollada por Agro-100, para guiarte en tus pr\u00e1cticas agr\u00edcolas. Disponible en celulares Android y iOS, el AgroM\u00f3vil es una herramienta pr\u00e1ctica que contiene una multitud de informaci\u00f3n sobre nuestros productos, numerosas calculadoras, as\u00ed como una tabla de compatibilidad. \u00a0 \u00bfQu\u00e9 se encuentra [&hellip;]<\/p>\n","protected":false},"author":2,"featured_media":0,"parent":0,"menu_order":0,"comment_status":"closed","ping_status":"closed","template":"elementor_header_footer","meta":{"_acf_changed":false,"footnotes":"","_wp_rev_ctl_limit":""},"class_list":["post-19261","page","type-page","status-publish","hentry"],"acf":[],"yoast_head":"<!-- This site is optimized with the Yoast SEO plugin v27.5 - https:\/\/yoast.com\/product\/yoast-seo-wordpress\/ -->\n<title>AgroM\u00f3vil &#8211; Agro-100<\/title>\n<meta name=\"robots\" content=\"noindex, follow, max-snippet:-1, max-image-preview:large, max-video-preview:-1\" \/>\n<meta property=\"og:locale\" content=\"es_ES\" \/>\n<meta property=\"og:type\" content=\"article\" \/>\n<meta property=\"og:title\" content=\"AgroM\u00f3vil &#8211; Agro-100\" \/>\n<meta property=\"og:description\" content=\"Una herramienta indispensable al alcance de la mano El AgroM\u00f3vil es una aplicaci\u00f3n desarrollada por Agro-100, para guiarte en tus pr\u00e1cticas agr\u00edcolas. Disponible en celulares Android y iOS, el AgroM\u00f3vil es una herramienta pr\u00e1ctica que contiene una multitud de informaci\u00f3n sobre nuestros productos, numerosas calculadoras, as\u00ed como una tabla de compatibilidad. \u00a0 \u00bfQu\u00e9 se encuentra [&hellip;]\" \/>\n<meta property=\"og:url\" content=\"https:\/\/stg.agro-100.ca\/es\/agromovil\/\" \/>\n<meta property=\"og:site_name\" content=\"Agro-100\" \/>\n<meta property=\"article:modified_time\" content=\"2024-09-05T17:16:07+00:00\" \/>\n<meta property=\"og:image\" content=\"https:\/\/stg.agro-100.ca\/wp-content\/uploads\/2024\/08\/phone_app.png\" \/>\n<meta name=\"twitter:card\" content=\"summary_large_image\" \/>\n<meta name=\"twitter:label1\" content=\"Tiempo de lectura\" \/>\n\t<meta name=\"twitter:data1\" content=\"1 minuto\" \/>\n<script type=\"application\/ld+json\" class=\"yoast-schema-graph\">{\"@context\":\"https:\\\/\\\/schema.org\",\"@graph\":[{\"@type\":\"WebPage\",\"@id\":\"https:\\\/\\\/stg.agro-100.ca\\\/es\\\/agromovil\\\/\",\"url\":\"https:\\\/\\\/stg.agro-100.ca\\\/es\\\/agromovil\\\/\",\"name\":\"AgroM\u00f3vil &#8211; Agro-100\",\"isPartOf\":{\"@id\":\"https:\\\/\\\/stg.agro-100.ca\\\/#website\"},\"primaryImageOfPage\":{\"@id\":\"https:\\\/\\\/stg.agro-100.ca\\\/es\\\/agromovil\\\/#primaryimage\"},\"image\":{\"@id\":\"https:\\\/\\\/stg.agro-100.ca\\\/es\\\/agromovil\\\/#primaryimage\"},\"thumbnailUrl\":\"https:\\\/\\\/stg.agro-100.ca\\\/wp-content\\\/uploads\\\/2024\\\/08\\\/phone_app.png\",\"datePublished\":\"2024-09-05T17:02:05+00:00\",\"dateModified\":\"2024-09-05T17:16:07+00:00\",\"breadcrumb\":{\"@id\":\"https:\\\/\\\/stg.agro-100.ca\\\/es\\\/agromovil\\\/#breadcrumb\"},\"inLanguage\":\"es\",\"potentialAction\":[{\"@type\":\"ReadAction\",\"target\":[\"https:\\\/\\\/stg.agro-100.ca\\\/es\\\/agromovil\\\/\"]}]},{\"@type\":\"ImageObject\",\"inLanguage\":\"es\",\"@id\":\"https:\\\/\\\/stg.agro-100.ca\\\/es\\\/agromovil\\\/#primaryimage\",\"url\":\"https:\\\/\\\/stg.agro-100.ca\\\/wp-content\\\/uploads\\\/2024\\\/08\\\/phone_app.png\",\"contentUrl\":\"https:\\\/\\\/stg.agro-100.ca\\\/wp-content\\\/uploads\\\/2024\\\/08\\\/phone_app.png\"},{\"@type\":\"BreadcrumbList\",\"@id\":\"https:\\\/\\\/stg.agro-100.ca\\\/es\\\/agromovil\\\/#breadcrumb\",\"itemListElement\":[{\"@type\":\"ListItem\",\"position\":1,\"name\":\"Accueil\",\"item\":\"https:\\\/\\\/stg.agro-100.ca\\\/es\\\/\"},{\"@type\":\"ListItem\",\"position\":2,\"name\":\"AgroM\u00f3vil\"}]},{\"@type\":\"WebSite\",\"@id\":\"https:\\\/\\\/stg.agro-100.ca\\\/#website\",\"url\":\"https:\\\/\\\/stg.agro-100.ca\\\/\",\"name\":\"Agro-100\",\"description\":\"Fertilizantes y bioestimulantes agr\u00edcolas\",\"publisher\":{\"@id\":\"https:\\\/\\\/stg.agro-100.ca\\\/#organization\"},\"potentialAction\":[{\"@type\":\"SearchAction\",\"target\":{\"@type\":\"EntryPoint\",\"urlTemplate\":\"https:\\\/\\\/stg.agro-100.ca\\\/?s={search_term_string}\"},\"query-input\":{\"@type\":\"PropertyValueSpecification\",\"valueRequired\":true,\"valueName\":\"search_term_string\"}}],\"inLanguage\":\"es\"},{\"@type\":\"Organization\",\"@id\":\"https:\\\/\\\/stg.agro-100.ca\\\/#organization\",\"name\":\"Agro-100\",\"url\":\"https:\\\/\\\/stg.agro-100.ca\\\/\",\"logo\":{\"@type\":\"ImageObject\",\"inLanguage\":\"es\",\"@id\":\"https:\\\/\\\/stg.agro-100.ca\\\/#\\\/schema\\\/logo\\\/image\\\/\",\"url\":\"https:\\\/\\\/stg.agro-100.ca\\\/wp-content\\\/uploads\\\/2024\\\/05\\\/logo-white.webp\",\"contentUrl\":\"https:\\\/\\\/stg.agro-100.ca\\\/wp-content\\\/uploads\\\/2024\\\/05\\\/logo-white.webp\",\"width\":183,\"height\":103,\"caption\":\"Agro-100\"},\"image\":{\"@id\":\"https:\\\/\\\/stg.agro-100.ca\\\/#\\\/schema\\\/logo\\\/image\\\/\"}}]}<\/script>\n<!-- \/ Yoast SEO plugin. -->","yoast_head_json":{"title":"AgroM\u00f3vil &#8211; Agro-100","robots":{"index":"noindex","follow":"follow","max-snippet":"max-snippet:-1","max-image-preview":"max-image-preview:large","max-video-preview":"max-video-preview:-1"},"og_locale":"es_ES","og_type":"article","og_title":"AgroM\u00f3vil &#8211; Agro-100","og_description":"Una herramienta indispensable al alcance de la mano El AgroM\u00f3vil es una aplicaci\u00f3n desarrollada por Agro-100, para guiarte en tus pr\u00e1cticas agr\u00edcolas. Disponible en celulares Android y iOS, el AgroM\u00f3vil es una herramienta pr\u00e1ctica que contiene una multitud de informaci\u00f3n sobre nuestros productos, numerosas calculadoras, as\u00ed como una tabla de compatibilidad. \u00a0 \u00bfQu\u00e9 se encuentra [&hellip;]","og_url":"https:\/\/stg.agro-100.ca\/es\/agromovil\/","og_site_name":"Agro-100","article_modified_time":"2024-09-05T17:16:07+00:00","og_image":[{"url":"https:\/\/stg.agro-100.ca\/wp-content\/uploads\/2024\/08\/phone_app.png","type":"","width":"","height":""}],"twitter_card":"summary_large_image","twitter_misc":{"Tiempo de lectura":"1 minuto"},"schema":{"@context":"https:\/\/schema.org","@graph":[{"@type":"WebPage","@id":"https:\/\/stg.agro-100.ca\/es\/agromovil\/","url":"https:\/\/stg.agro-100.ca\/es\/agromovil\/","name":"AgroM\u00f3vil &#8211; Agro-100","isPartOf":{"@id":"https:\/\/stg.agro-100.ca\/#website"},"primaryImageOfPage":{"@id":"https:\/\/stg.agro-100.ca\/es\/agromovil\/#primaryimage"},"image":{"@id":"https:\/\/stg.agro-100.ca\/es\/agromovil\/#primaryimage"},"thumbnailUrl":"https:\/\/stg.agro-100.ca\/wp-content\/uploads\/2024\/08\/phone_app.png","datePublished":"2024-09-05T17:02:05+00:00","dateModified":"2024-09-05T17:16:07+00:00","breadcrumb":{"@id":"https:\/\/stg.agro-100.ca\/es\/agromovil\/#breadcrumb"},"inLanguage":"es","potentialAction":[{"@type":"ReadAction","target":["https:\/\/stg.agro-100.ca\/es\/agromovil\/"]}]},{"@type":"ImageObject","inLanguage":"es","@id":"https:\/\/stg.agro-100.ca\/es\/agromovil\/#primaryimage","url":"https:\/\/stg.agro-100.ca\/wp-content\/uploads\/2024\/08\/phone_app.png","contentUrl":"https:\/\/stg.agro-100.ca\/wp-content\/uploads\/2024\/08\/phone_app.png"},{"@type":"BreadcrumbList","@id":"https:\/\/stg.agro-100.ca\/es\/agromovil\/#breadcrumb","itemListElement":[{"@type":"ListItem","position":1,"name":"Accueil","item":"https:\/\/stg.agro-100.ca\/es\/"},{"@type":"ListItem","position":2,"name":"AgroM\u00f3vil"}]},{"@type":"WebSite","@id":"https:\/\/stg.agro-100.ca\/#website","url":"https:\/\/stg.agro-100.ca\/","name":"Agro-100","description":"Fertilizantes y bioestimulantes agr\u00edcolas","publisher":{"@id":"https:\/\/stg.agro-100.ca\/#organization"},"potentialAction":[{"@type":"SearchAction","target":{"@type":"EntryPoint","urlTemplate":"https:\/\/stg.agro-100.ca\/?s={search_term_string}"},"query-input":{"@type":"PropertyValueSpecification","valueRequired":true,"valueName":"search_term_string"}}],"inLanguage":"es"},{"@type":"Organization","@id":"https:\/\/stg.agro-100.ca\/#organization","name":"Agro-100","url":"https:\/\/stg.agro-100.ca\/","logo":{"@type":"ImageObject","inLanguage":"es","@id":"https:\/\/stg.agro-100.ca\/#\/schema\/logo\/image\/","url":"https:\/\/stg.agro-100.ca\/wp-content\/uploads\/2024\/05\/logo-white.webp","contentUrl":"https:\/\/stg.agro-100.ca\/wp-content\/uploads\/2024\/05\/logo-white.webp","width":183,"height":103,"caption":"Agro-100"},"image":{"@id":"https:\/\/stg.agro-100.ca\/#\/schema\/logo\/image\/"}}]}},"_links":{"self":[{"href":"https:\/\/stg.agro-100.ca\/es\/wp-json\/wp\/v2\/pages\/19261","targetHints":{"allow":["GET"]}}],"collection":[{"href":"https:\/\/stg.agro-100.ca\/es\/wp-json\/wp\/v2\/pages"}],"about":[{"href":"https:\/\/stg.agro-100.ca\/es\/wp-json\/wp\/v2\/types\/page"}],"author":[{"embeddable":true,"href":"https:\/\/stg.agro-100.ca\/es\/wp-json\/wp\/v2\/users\/2"}],"replies":[{"embeddable":true,"href":"https:\/\/stg.agro-100.ca\/es\/wp-json\/wp\/v2\/comments?post=19261"}],"version-history":[{"count":0,"href":"https:\/\/stg.agro-100.ca\/es\/wp-json\/wp\/v2\/pages\/19261\/revisions"}],"wp:attachment":[{"href":"https:\/\/stg.agro-100.ca\/es\/wp-json\/wp\/v2\/media?parent=19261"}],"curies":[{"name":"wp","href":"https:\/\/api.w.org\/{rel}","templated":true}]}}