{"id":1327,"date":"2020-09-29T16:06:46","date_gmt":"2020-09-29T16:06:46","guid":{"rendered":"https:\/\/agro-100.ca\/?page_id=1327"},"modified":"2024-06-25T15:05:40","modified_gmt":"2024-06-25T19:05:40","slug":"agro-100-mexico-retailers","status":"publish","type":"page","link":"https:\/\/stg.agro-100.ca\/en\/agro-100-mexico-retailers\/","title":{"rendered":"agro-100 Mexico retailers"},"content":{"rendered":"\t\t<div data-elementor-type=\"wp-page\" data-elementor-id=\"1327\" class=\"elementor elementor-1327 elementor-673\" data-elementor-post-type=\"page\">\n\t\t\t\t\t\t<section class=\"elementor-section elementor-top-section elementor-element elementor-element-34b46ce elementor-section-boxed elementor-section-height-default elementor-section-height-default\" data-id=\"34b46ce\" data-element_type=\"section\" data-e-type=\"section\" data-settings=\"{&quot;background_background&quot;:&quot;classic&quot;}\">\n\t\t\t\t\t\t\t<div class=\"elementor-background-overlay\"><\/div>\n\t\t\t\t\t\t\t<div class=\"elementor-container elementor-column-gap-default\">\n\t\t\t\t\t<div class=\"elementor-column elementor-col-100 elementor-top-column elementor-element elementor-element-4b6ef54\" data-id=\"4b6ef54\" data-element_type=\"column\" data-e-type=\"column\">\n\t\t\t<div class=\"elementor-widget-wrap elementor-element-populated\">\n\t\t\t\t\t\t\t<\/div>\n\t\t<\/div>\n\t\t\t\t\t<\/div>\n\t\t<\/section>\n\t\t\t\t<section class=\"elementor-section elementor-top-section elementor-element elementor-element-4435017 pt90 elementor-section-stretched elementor-section-full_width elementor-section-height-default elementor-section-height-default\" data-id=\"4435017\" data-element_type=\"section\" data-e-type=\"section\" data-settings=\"{&quot;stretch_section&quot;:&quot;section-stretched&quot;,&quot;background_background&quot;:&quot;classic&quot;}\">\n\t\t\t\t\t\t<div class=\"elementor-container elementor-column-gap-default\">\n\t\t\t\t\t<div class=\"elementor-column elementor-col-100 elementor-top-column elementor-element elementor-element-faac90e\" data-id=\"faac90e\" data-element_type=\"column\" data-e-type=\"column\">\n\t\t\t<div class=\"elementor-widget-wrap elementor-element-populated\">\n\t\t\t\t\t\t<div class=\"elementor-element elementor-element-cf88d8e elementor-invisible elementor-widget elementor-widget-heading\" data-id=\"cf88d8e\" data-element_type=\"widget\" data-e-type=\"widget\" data-settings=\"{&quot;_animation&quot;:&quot;fadeInUp&quot;}\" data-widget_type=\"heading.default\">\n\t\t\t\t<div class=\"elementor-widget-container\">\n\t\t\t\t\t<h2 class=\"elementor-heading-title elementor-size-default\">Estado de Sonora<\/h2>\t\t\t\t<\/div>\n\t\t\t\t<\/div>\n\t\t\t\t<section class=\"elementor-section elementor-inner-section elementor-element elementor-element-a602652 pb100 pt50 elementor-section-boxed elementor-section-height-default elementor-section-height-default\" data-id=\"a602652\" data-element_type=\"section\" data-e-type=\"section\" data-settings=\"{&quot;background_background&quot;:&quot;classic&quot;}\">\n\t\t\t\t\t\t<div class=\"elementor-container elementor-column-gap-default\">\n\t\t\t\t\t<div class=\"elementor-column elementor-col-33 elementor-inner-column elementor-element elementor-element-791b6e2\" data-id=\"791b6e2\" data-element_type=\"column\" data-e-type=\"column\">\n\t\t\t<div class=\"elementor-widget-wrap\">\n\t\t\t\t\t\t\t<\/div>\n\t\t<\/div>\n\t\t\t\t<div class=\"elementor-column elementor-col-33 elementor-inner-column elementor-element elementor-element-83bffcb\" data-id=\"83bffcb\" data-element_type=\"column\" data-e-type=\"column\">\n\t\t\t<div class=\"elementor-widget-wrap elementor-element-populated\">\n\t\t\t\t\t\t<div class=\"elementor-element elementor-element-083a15e elementor-widget elementor-widget-toggle\" data-id=\"083a15e\" data-element_type=\"widget\" data-e-type=\"widget\" data-widget_type=\"toggle.default\">\n\t\t\t\t<div class=\"elementor-widget-container\">\n\t\t\t\t\t\t\t<div class=\"elementor-toggle\">\n\t\t\t\t\t\t\t<div class=\"elementor-toggle-item\">\n\t\t\t\t\t<div id=\"elementor-tab-title-8621\" class=\"elementor-tab-title\" data-tab=\"1\" role=\"button\" aria-controls=\"elementor-tab-content-8621\" aria-expanded=\"false\">\n\t\t\t\t\t\t\t\t\t\t\t\t<a class=\"elementor-toggle-title\" tabindex=\"0\">Sonora<\/a>\n\t\t\t\t\t<\/div>\n\n\t\t\t\t\t<div id=\"elementor-tab-content-8621\" class=\"elementor-tab-content elementor-clearfix\" data-tab=\"1\" role=\"region\" aria-labelledby=\"elementor-tab-title-8621\"><p><strong>1. FERTIBALANCE S.A.\u00a0<\/strong><\/p><ul><li><strong>Carretera a Bah\u00eda de Kino, La Manga 83220 Hermosillo<\/strong><\/li><\/ul><p><strong>2. FERTILIZANTES TEPEYAC<\/strong><\/p><ul><li><strong>Av. Las Torres, Parque Industrial, 85065 Ciudad Obreg\u00f3n<\/strong><\/li><li><strong>De los Generales SN, Obreg\u00f3n, Centro Habitacional, 85900 Huatabampo<\/strong><\/li><li><strong>Carr. Hermosillo Bah\u00eda Kino, 83220 Hermosillo<\/strong><\/li><li><strong>Carretera internacional Salida, 85510 Vicam<\/strong><\/li><li><strong>Calle 900, 85200, Pueblo Yaqui\u00a0<\/strong><\/li><li><strong>International Salida sur a Los Mochis, Parque Industrial, 85895 Navojoa<\/strong><\/li><li><strong>Juan Chait s\/n, Centro, 83640 Heroica Caborca<\/strong><\/li><li><strong>Carretera Ortiz 85532 Jos\u00e9 Maria, Morelos Y Pav\u00f3n<\/strong><\/li><\/ul><\/div>\n\t\t\t\t<\/div>\n\t\t\t\t\t\t\t\t<\/div>\n\t\t\t\t\t\t<\/div>\n\t\t\t\t<\/div>\n\t\t\t\t\t<\/div>\n\t\t<\/div>\n\t\t\t\t<div class=\"elementor-column elementor-col-33 elementor-inner-column elementor-element elementor-element-1f0d2b2\" data-id=\"1f0d2b2\" data-element_type=\"column\" data-e-type=\"column\">\n\t\t\t<div class=\"elementor-widget-wrap\">\n\t\t\t\t\t\t\t<\/div>\n\t\t<\/div>\n\t\t\t\t\t<\/div>\n\t\t<\/section>\n\t\t\t\t\t<\/div>\n\t\t<\/div>\n\t\t\t\t\t<\/div>\n\t\t<\/section>\n\t\t\t\t<section class=\"elementor-section elementor-top-section elementor-element elementor-element-33cbbb4 pt90 elementor-section-stretched elementor-section-full_width elementor-section-height-default elementor-section-height-default\" data-id=\"33cbbb4\" data-element_type=\"section\" data-e-type=\"section\" data-settings=\"{&quot;stretch_section&quot;:&quot;section-stretched&quot;,&quot;background_background&quot;:&quot;classic&quot;}\">\n\t\t\t\t\t\t<div class=\"elementor-container elementor-column-gap-default\">\n\t\t\t\t\t<div class=\"elementor-column elementor-col-100 elementor-top-column elementor-element elementor-element-e49b697\" data-id=\"e49b697\" data-element_type=\"column\" data-e-type=\"column\">\n\t\t\t<div class=\"elementor-widget-wrap elementor-element-populated\">\n\t\t\t\t\t\t<div class=\"elementor-element elementor-element-50a54eb elementor-invisible elementor-widget elementor-widget-heading\" data-id=\"50a54eb\" data-element_type=\"widget\" data-e-type=\"widget\" data-settings=\"{&quot;_animation&quot;:&quot;fadeInUp&quot;}\" data-widget_type=\"heading.default\">\n\t\t\t\t<div class=\"elementor-widget-container\">\n\t\t\t\t\t<h2 class=\"elementor-heading-title elementor-size-default\">Estado De Baja California<\/h2>\t\t\t\t<\/div>\n\t\t\t\t<\/div>\n\t\t\t\t<section class=\"elementor-section elementor-inner-section elementor-element elementor-element-da2705d pb100 pt50 elementor-section-boxed elementor-section-height-default elementor-section-height-default\" data-id=\"da2705d\" data-element_type=\"section\" data-e-type=\"section\" data-settings=\"{&quot;background_background&quot;:&quot;classic&quot;}\">\n\t\t\t\t\t\t<div class=\"elementor-container elementor-column-gap-default\">\n\t\t\t\t\t<div class=\"elementor-column elementor-col-33 elementor-inner-column elementor-element elementor-element-089d870\" data-id=\"089d870\" data-element_type=\"column\" data-e-type=\"column\">\n\t\t\t<div class=\"elementor-widget-wrap\">\n\t\t\t\t\t\t\t<\/div>\n\t\t<\/div>\n\t\t\t\t<div class=\"elementor-column elementor-col-33 elementor-inner-column elementor-element elementor-element-36f425c\" data-id=\"36f425c\" data-element_type=\"column\" data-e-type=\"column\">\n\t\t\t<div class=\"elementor-widget-wrap elementor-element-populated\">\n\t\t\t\t\t\t<div class=\"elementor-element elementor-element-8db1436 elementor-widget elementor-widget-toggle\" data-id=\"8db1436\" data-element_type=\"widget\" data-e-type=\"widget\" data-widget_type=\"toggle.default\">\n\t\t\t\t<div class=\"elementor-widget-container\">\n\t\t\t\t\t\t\t<div class=\"elementor-toggle\">\n\t\t\t\t\t\t\t<div class=\"elementor-toggle-item\">\n\t\t\t\t\t<div id=\"elementor-tab-title-1481\" class=\"elementor-tab-title\" data-tab=\"1\" role=\"button\" aria-controls=\"elementor-tab-content-1481\" aria-expanded=\"false\">\n\t\t\t\t\t\t\t\t\t\t\t\t<a class=\"elementor-toggle-title\" tabindex=\"0\">California<\/a>\n\t\t\t\t\t<\/div>\n\n\t\t\t\t\t<div id=\"elementor-tab-content-1481\" class=\"elementor-tab-content elementor-clearfix\" data-tab=\"1\" role=\"region\" aria-labelledby=\"elementor-tab-title-1481\"><p><strong>1. RDO WATER<\/strong><\/p><ul><li><strong>San Quint\u00edn<\/strong><br \/><strong>Carretera Transpeninsular, Benito Juarez #100, Colonia Vicente Guerrero<\/strong><\/li><li><strong>Mexicali<\/strong><br \/><strong>Carretera Islas Agrarias \u2013 Aeropuerto, Colonia Polvora<\/strong><\/li><li><strong>Polvora<br \/><\/strong><strong>Calle Naranjo<\/strong><strong>, Colonia Industrial<\/strong><\/li><\/ul><\/div>\n\t\t\t\t<\/div>\n\t\t\t\t\t\t\t\t<\/div>\n\t\t\t\t\t\t<\/div>\n\t\t\t\t<\/div>\n\t\t\t\t\t<\/div>\n\t\t<\/div>\n\t\t\t\t<div class=\"elementor-column elementor-col-33 elementor-inner-column elementor-element elementor-element-ab72e82\" data-id=\"ab72e82\" data-element_type=\"column\" data-e-type=\"column\">\n\t\t\t<div class=\"elementor-widget-wrap\">\n\t\t\t\t\t\t\t<\/div>\n\t\t<\/div>\n\t\t\t\t\t<\/div>\n\t\t<\/section>\n\t\t\t\t\t<\/div>\n\t\t<\/div>\n\t\t\t\t\t<\/div>\n\t\t<\/section>\n\t\t\t\t<section class=\"elementor-section elementor-top-section elementor-element elementor-element-f936c7f pt90 elementor-section-stretched elementor-section-full_width elementor-section-height-default elementor-section-height-default\" data-id=\"f936c7f\" data-element_type=\"section\" data-e-type=\"section\" data-settings=\"{&quot;stretch_section&quot;:&quot;section-stretched&quot;,&quot;background_background&quot;:&quot;classic&quot;}\">\n\t\t\t\t\t\t<div class=\"elementor-container elementor-column-gap-default\">\n\t\t\t\t\t<div class=\"elementor-column elementor-col-100 elementor-top-column elementor-element elementor-element-5601310\" data-id=\"5601310\" data-element_type=\"column\" data-e-type=\"column\">\n\t\t\t<div class=\"elementor-widget-wrap elementor-element-populated\">\n\t\t\t\t\t\t<div class=\"elementor-element elementor-element-3c5cb12 elementor-invisible elementor-widget elementor-widget-heading\" data-id=\"3c5cb12\" data-element_type=\"widget\" data-e-type=\"widget\" data-settings=\"{&quot;_animation&quot;:&quot;fadeInUp&quot;}\" data-widget_type=\"heading.default\">\n\t\t\t\t<div class=\"elementor-widget-container\">\n\t\t\t\t\t<h2 class=\"elementor-heading-title elementor-size-default\">Estado De Sinaloa<\/h2>\t\t\t\t<\/div>\n\t\t\t\t<\/div>\n\t\t\t\t<section class=\"elementor-section elementor-inner-section elementor-element elementor-element-0aac2ec pb100 pt50 elementor-section-boxed elementor-section-height-default elementor-section-height-default\" data-id=\"0aac2ec\" data-element_type=\"section\" data-e-type=\"section\" data-settings=\"{&quot;background_background&quot;:&quot;classic&quot;}\">\n\t\t\t\t\t\t<div class=\"elementor-container elementor-column-gap-default\">\n\t\t\t\t\t<div class=\"elementor-column elementor-col-33 elementor-inner-column elementor-element elementor-element-e10e2da\" data-id=\"e10e2da\" data-element_type=\"column\" data-e-type=\"column\">\n\t\t\t<div class=\"elementor-widget-wrap\">\n\t\t\t\t\t\t\t<\/div>\n\t\t<\/div>\n\t\t\t\t<div class=\"elementor-column elementor-col-33 elementor-inner-column elementor-element elementor-element-e603e01\" data-id=\"e603e01\" data-element_type=\"column\" data-e-type=\"column\">\n\t\t\t<div class=\"elementor-widget-wrap elementor-element-populated\">\n\t\t\t\t\t\t<div class=\"elementor-element elementor-element-af670f5 elementor-widget elementor-widget-toggle\" data-id=\"af670f5\" data-element_type=\"widget\" data-e-type=\"widget\" data-widget_type=\"toggle.default\">\n\t\t\t\t<div class=\"elementor-widget-container\">\n\t\t\t\t\t\t\t<div class=\"elementor-toggle\">\n\t\t\t\t\t\t\t<div class=\"elementor-toggle-item\">\n\t\t\t\t\t<div id=\"elementor-tab-title-1831\" class=\"elementor-tab-title\" data-tab=\"1\" role=\"button\" aria-controls=\"elementor-tab-content-1831\" aria-expanded=\"false\">\n\t\t\t\t\t\t\t\t\t\t\t\t<a class=\"elementor-toggle-title\" tabindex=\"0\">Sinaloa<\/a>\n\t\t\t\t\t<\/div>\n\n\t\t\t\t\t<div id=\"elementor-tab-content-1831\" class=\"elementor-tab-content elementor-clearfix\" data-tab=\"1\" role=\"region\" aria-labelledby=\"elementor-tab-title-1831\"><p><strong>1. FERTILIZANTES TEPEYAC<\/strong><\/p><ul><li><p><strong>Blvd. Antonio Rosales 2375, <\/strong><strong>Blvd Zacarias Ochoa Col-Nte, 81210 Los Mochis\u00a0<\/strong><\/p><\/li><li><strong>Culiac\u00e1n Rosales, 80393<\/strong><\/li><li><p><strong>Carretera Internacional Mochis-Navojoa Gustavo, Diaz Ordaz, 81343<\/strong><\/p><\/li><\/ul><\/div>\n\t\t\t\t<\/div>\n\t\t\t\t\t\t\t\t<\/div>\n\t\t\t\t\t\t<\/div>\n\t\t\t\t<\/div>\n\t\t\t\t\t<\/div>\n\t\t<\/div>\n\t\t\t\t<div class=\"elementor-column elementor-col-33 elementor-inner-column elementor-element elementor-element-f3b8897\" data-id=\"f3b8897\" data-element_type=\"column\" data-e-type=\"column\">\n\t\t\t<div class=\"elementor-widget-wrap\">\n\t\t\t\t\t\t\t<\/div>\n\t\t<\/div>\n\t\t\t\t\t<\/div>\n\t\t<\/section>\n\t\t\t\t\t<\/div>\n\t\t<\/div>\n\t\t\t\t\t<\/div>\n\t\t<\/section>\n\t\t\t\t<\/div>\n\t\t","protected":false},"excerpt":{"rendered":"<p>Estado de Sonora Sonora 1. FERTIBALANCE S.A.\u00a0 Carretera a Bah\u00eda de Kino, La Manga 83220 Hermosillo 2. FERTILIZANTES TEPEYAC Av. Las Torres, Parque Industrial, 85065 Ciudad Obreg\u00f3n De los Generales SN, Obreg\u00f3n, Centro Habitacional, 85900 Huatabampo Carr. Hermosillo Bah\u00eda Kino, 83220 Hermosillo Carretera internacional Salida, 85510 Vicam Calle 900, 85200, Pueblo Yaqui\u00a0 International Salida sur [&hellip;]<\/p>\n","protected":false},"author":2,"featured_media":0,"parent":0,"menu_order":0,"comment_status":"closed","ping_status":"closed","template":"elementor_header_footer","meta":{"_acf_changed":false,"footnotes":"","_wp_rev_ctl_limit":""},"class_list":["post-1327","page","type-page","status-publish","hentry"],"acf":[],"yoast_head":"<!-- This site is optimized with the Yoast SEO plugin v27.5 - https:\/\/yoast.com\/product\/yoast-seo-wordpress\/ -->\n<title>agro-100 Mexico retailers &#8211; Agro-100<\/title>\n<meta name=\"robots\" content=\"noindex, follow, max-snippet:-1, max-image-preview:large, max-video-preview:-1\" \/>\n<meta property=\"og:locale\" content=\"en_US\" \/>\n<meta property=\"og:type\" content=\"article\" \/>\n<meta property=\"og:title\" content=\"agro-100 Mexico retailers &#8211; Agro-100\" \/>\n<meta property=\"og:description\" content=\"Estado de Sonora Sonora 1. FERTIBALANCE S.A.\u00a0 Carretera a Bah\u00eda de Kino, La Manga 83220 Hermosillo 2. FERTILIZANTES TEPEYAC Av. Las Torres, Parque Industrial, 85065 Ciudad Obreg\u00f3n De los Generales SN, Obreg\u00f3n, Centro Habitacional, 85900 Huatabampo Carr. Hermosillo Bah\u00eda Kino, 83220 Hermosillo Carretera internacional Salida, 85510 Vicam Calle 900, 85200, Pueblo Yaqui\u00a0 International Salida sur [&hellip;]\" \/>\n<meta property=\"og:url\" content=\"https:\/\/stg.agro-100.ca\/en\/agro-100-mexico-retailers\/\" \/>\n<meta property=\"og:site_name\" content=\"Agro-100\" \/>\n<meta property=\"article:modified_time\" content=\"2024-06-25T19:05:40+00:00\" \/>\n<meta name=\"twitter:card\" content=\"summary_large_image\" \/>\n<meta name=\"twitter:label1\" content=\"Est. reading time\" \/>\n\t<meta name=\"twitter:data1\" content=\"1 minute\" \/>\n<script type=\"application\/ld+json\" class=\"yoast-schema-graph\">{\"@context\":\"https:\\\/\\\/schema.org\",\"@graph\":[{\"@type\":\"WebPage\",\"@id\":\"https:\\\/\\\/stg.agro-100.ca\\\/en\\\/agro-100-mexico-retailers\\\/\",\"url\":\"https:\\\/\\\/stg.agro-100.ca\\\/en\\\/agro-100-mexico-retailers\\\/\",\"name\":\"agro-100 Mexico retailers &#8211; Agro-100\",\"isPartOf\":{\"@id\":\"https:\\\/\\\/stg.agro-100.ca\\\/#website\"},\"datePublished\":\"2020-09-29T16:06:46+00:00\",\"dateModified\":\"2024-06-25T19:05:40+00:00\",\"breadcrumb\":{\"@id\":\"https:\\\/\\\/stg.agro-100.ca\\\/en\\\/agro-100-mexico-retailers\\\/#breadcrumb\"},\"inLanguage\":\"en-US\",\"potentialAction\":[{\"@type\":\"ReadAction\",\"target\":[\"https:\\\/\\\/stg.agro-100.ca\\\/en\\\/agro-100-mexico-retailers\\\/\"]}]},{\"@type\":\"BreadcrumbList\",\"@id\":\"https:\\\/\\\/stg.agro-100.ca\\\/en\\\/agro-100-mexico-retailers\\\/#breadcrumb\",\"itemListElement\":[{\"@type\":\"ListItem\",\"position\":1,\"name\":\"Home\",\"item\":\"https:\\\/\\\/stg.agro-100.ca\\\/en\\\/\"},{\"@type\":\"ListItem\",\"position\":2,\"name\":\"agro-100 Mexico retailers\"}]},{\"@type\":\"WebSite\",\"@id\":\"https:\\\/\\\/stg.agro-100.ca\\\/#website\",\"url\":\"https:\\\/\\\/stg.agro-100.ca\\\/\",\"name\":\"Agro-100\",\"description\":\"Agricultural Solutions: Fertilizers &amp; Biostimulants\",\"publisher\":{\"@id\":\"https:\\\/\\\/stg.agro-100.ca\\\/#organization\"},\"potentialAction\":[{\"@type\":\"SearchAction\",\"target\":{\"@type\":\"EntryPoint\",\"urlTemplate\":\"https:\\\/\\\/stg.agro-100.ca\\\/?s={search_term_string}\"},\"query-input\":{\"@type\":\"PropertyValueSpecification\",\"valueRequired\":true,\"valueName\":\"search_term_string\"}}],\"inLanguage\":\"en-US\"},{\"@type\":\"Organization\",\"@id\":\"https:\\\/\\\/stg.agro-100.ca\\\/#organization\",\"name\":\"Agro-100\",\"url\":\"https:\\\/\\\/stg.agro-100.ca\\\/\",\"logo\":{\"@type\":\"ImageObject\",\"inLanguage\":\"en-US\",\"@id\":\"https:\\\/\\\/stg.agro-100.ca\\\/#\\\/schema\\\/logo\\\/image\\\/\",\"url\":\"https:\\\/\\\/stg.agro-100.ca\\\/wp-content\\\/uploads\\\/2024\\\/05\\\/logo-white.webp\",\"contentUrl\":\"https:\\\/\\\/stg.agro-100.ca\\\/wp-content\\\/uploads\\\/2024\\\/05\\\/logo-white.webp\",\"width\":183,\"height\":103,\"caption\":\"Agro-100\"},\"image\":{\"@id\":\"https:\\\/\\\/stg.agro-100.ca\\\/#\\\/schema\\\/logo\\\/image\\\/\"}}]}<\/script>\n<!-- \/ Yoast SEO plugin. -->","yoast_head_json":{"title":"agro-100 Mexico retailers &#8211; Agro-100","robots":{"index":"noindex","follow":"follow","max-snippet":"max-snippet:-1","max-image-preview":"max-image-preview:large","max-video-preview":"max-video-preview:-1"},"og_locale":"en_US","og_type":"article","og_title":"agro-100 Mexico retailers &#8211; Agro-100","og_description":"Estado de Sonora Sonora 1. FERTIBALANCE S.A.\u00a0 Carretera a Bah\u00eda de Kino, La Manga 83220 Hermosillo 2. FERTILIZANTES TEPEYAC Av. Las Torres, Parque Industrial, 85065 Ciudad Obreg\u00f3n De los Generales SN, Obreg\u00f3n, Centro Habitacional, 85900 Huatabampo Carr. Hermosillo Bah\u00eda Kino, 83220 Hermosillo Carretera internacional Salida, 85510 Vicam Calle 900, 85200, Pueblo Yaqui\u00a0 International Salida sur [&hellip;]","og_url":"https:\/\/stg.agro-100.ca\/en\/agro-100-mexico-retailers\/","og_site_name":"Agro-100","article_modified_time":"2024-06-25T19:05:40+00:00","twitter_card":"summary_large_image","twitter_misc":{"Est. reading time":"1 minute"},"schema":{"@context":"https:\/\/schema.org","@graph":[{"@type":"WebPage","@id":"https:\/\/stg.agro-100.ca\/en\/agro-100-mexico-retailers\/","url":"https:\/\/stg.agro-100.ca\/en\/agro-100-mexico-retailers\/","name":"agro-100 Mexico retailers &#8211; Agro-100","isPartOf":{"@id":"https:\/\/stg.agro-100.ca\/#website"},"datePublished":"2020-09-29T16:06:46+00:00","dateModified":"2024-06-25T19:05:40+00:00","breadcrumb":{"@id":"https:\/\/stg.agro-100.ca\/en\/agro-100-mexico-retailers\/#breadcrumb"},"inLanguage":"en-US","potentialAction":[{"@type":"ReadAction","target":["https:\/\/stg.agro-100.ca\/en\/agro-100-mexico-retailers\/"]}]},{"@type":"BreadcrumbList","@id":"https:\/\/stg.agro-100.ca\/en\/agro-100-mexico-retailers\/#breadcrumb","itemListElement":[{"@type":"ListItem","position":1,"name":"Home","item":"https:\/\/stg.agro-100.ca\/en\/"},{"@type":"ListItem","position":2,"name":"agro-100 Mexico retailers"}]},{"@type":"WebSite","@id":"https:\/\/stg.agro-100.ca\/#website","url":"https:\/\/stg.agro-100.ca\/","name":"Agro-100","description":"Agricultural Solutions: Fertilizers &amp; Biostimulants","publisher":{"@id":"https:\/\/stg.agro-100.ca\/#organization"},"potentialAction":[{"@type":"SearchAction","target":{"@type":"EntryPoint","urlTemplate":"https:\/\/stg.agro-100.ca\/?s={search_term_string}"},"query-input":{"@type":"PropertyValueSpecification","valueRequired":true,"valueName":"search_term_string"}}],"inLanguage":"en-US"},{"@type":"Organization","@id":"https:\/\/stg.agro-100.ca\/#organization","name":"Agro-100","url":"https:\/\/stg.agro-100.ca\/","logo":{"@type":"ImageObject","inLanguage":"en-US","@id":"https:\/\/stg.agro-100.ca\/#\/schema\/logo\/image\/","url":"https:\/\/stg.agro-100.ca\/wp-content\/uploads\/2024\/05\/logo-white.webp","contentUrl":"https:\/\/stg.agro-100.ca\/wp-content\/uploads\/2024\/05\/logo-white.webp","width":183,"height":103,"caption":"Agro-100"},"image":{"@id":"https:\/\/stg.agro-100.ca\/#\/schema\/logo\/image\/"}}]}},"_links":{"self":[{"href":"https:\/\/stg.agro-100.ca\/en\/wp-json\/wp\/v2\/pages\/1327","targetHints":{"allow":["GET"]}}],"collection":[{"href":"https:\/\/stg.agro-100.ca\/en\/wp-json\/wp\/v2\/pages"}],"about":[{"href":"https:\/\/stg.agro-100.ca\/en\/wp-json\/wp\/v2\/types\/page"}],"author":[{"embeddable":true,"href":"https:\/\/stg.agro-100.ca\/en\/wp-json\/wp\/v2\/users\/2"}],"replies":[{"embeddable":true,"href":"https:\/\/stg.agro-100.ca\/en\/wp-json\/wp\/v2\/comments?post=1327"}],"version-history":[{"count":0,"href":"https:\/\/stg.agro-100.ca\/en\/wp-json\/wp\/v2\/pages\/1327\/revisions"}],"wp:attachment":[{"href":"https:\/\/stg.agro-100.ca\/en\/wp-json\/wp\/v2\/media?parent=1327"}],"curies":[{"name":"wp","href":"https:\/\/api.w.org\/{rel}","templated":true}]}}